{"id":841,"date":"2026-02-25T15:34:46","date_gmt":"2026-02-25T18:34:46","guid":{"rendered":"https:\/\/aprovasite.com.br\/vitamov\/?page_id=841"},"modified":"2026-03-16T16:52:32","modified_gmt":"2026-03-16T19:52:32","slug":"cozinha-apollo","status":"publish","type":"page","link":"https:\/\/aprovasite.com.br\/vitamov\/cozinha-apollo\/","title":{"rendered":"Cozinha Apollo"},"content":{"rendered":"\t\t<div data-elementor-type=\"wp-page\" data-elementor-id=\"841\" class=\"elementor elementor-841\">\n\t\t\t\t<div class=\"elementor-element elementor-element-dc54758 e-flex e-con-boxed e-con e-parent\" data-id=\"dc54758\" data-element_type=\"container\" data-e-type=\"container\" data-settings=\"{&quot;background_background&quot;:&quot;classic&quot;}\">\n\t\t\t\t\t<div class=\"e-con-inner\">\n\t\t<div class=\"elementor-element elementor-element-596463e e-con-full e-flex e-con e-child\" data-id=\"596463e\" data-element_type=\"container\" data-e-type=\"container\">\n\t\t<div class=\"elementor-element elementor-element-4b2cf46 e-flex e-con-boxed e-con e-child\" data-id=\"4b2cf46\" data-element_type=\"container\" data-e-type=\"container\">\n\t\t\t\t\t<div class=\"e-con-inner\">\n\t\t\t\t<div class=\"elementor-element elementor-element-c8f81c5 elementor-widget__width-initial elementor-widget-divider--view-line elementor-widget elementor-widget-divider\" data-id=\"c8f81c5\" data-element_type=\"widget\" data-e-type=\"widget\" data-widget_type=\"divider.default\">\n\t\t\t\t\t\t\t<div class=\"elementor-divider\">\n\t\t\t<span class=\"elementor-divider-separator\">\n\t\t\t\t\t\t<\/span>\n\t\t<\/div>\n\t\t\t\t\t\t<\/div>\n\t\t\t\t<div class=\"elementor-element elementor-element-cc93246 elementor-widget__width-initial elementor-widget-divider--view-line elementor-widget elementor-widget-divider\" data-id=\"cc93246\" data-element_type=\"widget\" data-e-type=\"widget\" data-widget_type=\"divider.default\">\n\t\t\t\t\t\t\t<div class=\"elementor-divider\">\n\t\t\t<span class=\"elementor-divider-separator\">\n\t\t\t\t\t\t<\/span>\n\t\t<\/div>\n\t\t\t\t\t\t<\/div>\n\t\t\t\t\t<\/div>\n\t\t\t\t<\/div>\n\t\t\t\t<div class=\"elementor-element elementor-element-d21e114 elementor-widget elementor-widget-heading\" data-id=\"d21e114\" data-element_type=\"widget\" data-e-type=\"widget\" data-widget_type=\"heading.default\">\n\t\t\t\t\t<h2 class=\"elementor-heading-title elementor-size-default\">COZINHA Apollo<\/h2>\t\t\t\t<\/div>\n\t\t<div class=\"elementor-element elementor-element-3e6bfba e-con-full e-flex e-con e-child\" data-id=\"3e6bfba\" data-element_type=\"container\" data-e-type=\"container\">\n\t\t\t\t<div class=\"elementor-element elementor-element-037f358 elementor-widget__width-initial elementor-widget-divider--view-line elementor-widget elementor-widget-divider\" data-id=\"037f358\" data-element_type=\"widget\" data-e-type=\"widget\" data-widget_type=\"divider.default\">\n\t\t\t\t\t\t\t<div class=\"elementor-divider\">\n\t\t\t<span class=\"elementor-divider-separator\">\n\t\t\t\t\t\t<\/span>\n\t\t<\/div>\n\t\t\t\t\t\t<\/div>\n\t\t\t\t<div class=\"elementor-element elementor-element-edd4a19 elementor-widget__width-initial elementor-widget-divider--view-line elementor-widget elementor-widget-divider\" data-id=\"edd4a19\" data-element_type=\"widget\" data-e-type=\"widget\" data-widget_type=\"divider.default\">\n\t\t\t\t\t\t\t<div class=\"elementor-divider\">\n\t\t\t<span class=\"elementor-divider-separator\">\n\t\t\t\t\t\t<\/span>\n\t\t<\/div>\n\t\t\t\t\t\t<\/div>\n\t\t\t\t<\/div>\n\t\t\t\t<\/div>\n\t\t\t\t\t<\/div>\n\t\t\t\t<\/div>\n\t\t<div class=\"elementor-element elementor-element-11c8c57 e-con-full e-flex e-con e-parent\" data-id=\"11c8c57\" data-element_type=\"container\" data-e-type=\"container\">\n\t\t\t\t<div class=\"elementor-element elementor-element-50022a1 elementor-arrows-position-inside elementor-pagination-position-outside elementor-widget elementor-widget-image-carousel\" data-id=\"50022a1\" data-element_type=\"widget\" data-e-type=\"widget\" data-settings=\"{&quot;navigation&quot;:&quot;both&quot;,&quot;autoplay&quot;:&quot;yes&quot;,&quot;pause_on_hover&quot;:&quot;yes&quot;,&quot;pause_on_interaction&quot;:&quot;yes&quot;,&quot;autoplay_speed&quot;:5000,&quot;infinite&quot;:&quot;yes&quot;,&quot;speed&quot;:500,&quot;image_spacing_custom&quot;:{&quot;unit&quot;:&quot;px&quot;,&quot;size&quot;:20,&quot;sizes&quot;:[]},&quot;image_spacing_custom_tablet&quot;:{&quot;unit&quot;:&quot;px&quot;,&quot;size&quot;:&quot;&quot;,&quot;sizes&quot;:[]},&quot;image_spacing_custom_mobile&quot;:{&quot;unit&quot;:&quot;px&quot;,&quot;size&quot;:&quot;&quot;,&quot;sizes&quot;:[]}}\" data-widget_type=\"image-carousel.default\">\n\t\t\t\t\t\t\t<div class=\"elementor-image-carousel-wrapper swiper\" role=\"region\" aria-roledescription=\"carousel\" aria-label=\"Carrossel de imagens\" dir=\"ltr\">\n\t\t\t<div class=\"elementor-image-carousel swiper-wrapper\" aria-live=\"off\">\n\t\t\t\t\t\t\t\t<div class=\"swiper-slide\" role=\"group\" aria-roledescription=\"slide\" aria-label=\"1 de 4\"><figure class=\"swiper-slide-inner\"><img decoding=\"async\" class=\"swiper-slide-image\" src=\"https:\/\/aprovasite.com.br\/vitamov\/wp-content\/uploads\/2026\/02\/Coz-Apolo-pia-nature-conect-2048x1447.jpg\" alt=\"Coz Apolo pia nature-conect\" \/><\/figure><\/div><div class=\"swiper-slide\" role=\"group\" aria-roledescription=\"slide\" aria-label=\"2 de 4\"><figure class=\"swiper-slide-inner\"><img decoding=\"async\" class=\"swiper-slide-image\" src=\"https:\/\/aprovasite.com.br\/vitamov\/wp-content\/uploads\/2026\/02\/Coz-Apolo-pia-nature-grafite-2048x1447.jpg\" alt=\"Coz Apolo pia nature-grafite\" \/><\/figure><\/div><div class=\"swiper-slide\" role=\"group\" aria-roledescription=\"slide\" aria-label=\"3 de 4\"><figure class=\"swiper-slide-inner\"><img decoding=\"async\" class=\"swiper-slide-image\" src=\"https:\/\/aprovasite.com.br\/vitamov\/wp-content\/uploads\/2026\/02\/Coz-Apolo-pia-nature-off-ripado-CATALOGO-2048x1447.jpg\" alt=\"Coz Apolo pia nature-off-ripado - CATALOGO\" \/><\/figure><\/div><div class=\"swiper-slide\" role=\"group\" aria-roledescription=\"slide\" aria-label=\"4 de 4\"><figure class=\"swiper-slide-inner\"><img decoding=\"async\" class=\"swiper-slide-image\" src=\"https:\/\/aprovasite.com.br\/vitamov\/wp-content\/uploads\/2026\/02\/Coz-Apolo-pia-nature-off-2048x1447.jpg\" alt=\"Coz Apolo pia nature-off\" \/><\/figure><\/div>\t\t\t<\/div>\n\t\t\t\t\t\t\t\t\t\t\t\t<div class=\"elementor-swiper-button elementor-swiper-button-prev\" role=\"button\" tabindex=\"0\">\n\t\t\t\t\t\t<svg aria-hidden=\"true\" class=\"e-font-icon-svg e-fas-arrow-alt-circle-left\" viewBox=\"0 0 512 512\" xmlns=\"http:\/\/www.w3.org\/2000\/svg\"><path d=\"M256 504C119 504 8 393 8 256S119 8 256 8s248 111 248 248-111 248-248 248zm116-292H256v-70.9c0-10.7-13-16.1-20.5-8.5L121.2 247.5c-4.7 4.7-4.7 12.2 0 16.9l114.3 114.9c7.6 7.6 20.5 2.2 20.5-8.5V300h116c6.6 0 12-5.4 12-12v-64c0-6.6-5.4-12-12-12z\"><\/path><\/svg>\t\t\t\t\t<\/div>\n\t\t\t\t\t<div class=\"elementor-swiper-button elementor-swiper-button-next\" role=\"button\" tabindex=\"0\">\n\t\t\t\t\t\t<svg aria-hidden=\"true\" class=\"e-font-icon-svg e-fas-arrow-alt-circle-right\" viewBox=\"0 0 512 512\" xmlns=\"http:\/\/www.w3.org\/2000\/svg\"><path d=\"M256 8c137 0 248 111 248 248S393 504 256 504 8 393 8 256 119 8 256 8zM140 300h116v70.9c0 10.7 13 16.1 20.5 8.5l114.3-114.9c4.7-4.7 4.7-12.2 0-16.9l-114.3-115c-7.6-7.6-20.5-2.2-20.5 8.5V212H140c-6.6 0-12 5.4-12 12v64c0 6.6 5.4 12 12 12z\"><\/path><\/svg>\t\t\t\t\t<\/div>\n\t\t\t\t\n\t\t\t\t\t\t\t\t\t<div class=\"swiper-pagination\"><\/div>\n\t\t\t\t\t\t\t\t\t<\/div>\n\t\t\t\t\t\t<\/div>\n\t\t\t\t<\/div>\n\t\t<div class=\"elementor-element elementor-element-d1a19c4 e-flex e-con-boxed e-con e-parent\" data-id=\"d1a19c4\" data-element_type=\"container\" data-e-type=\"container\">\n\t\t\t\t\t<div class=\"e-con-inner\">\n\t\t\t\t<div class=\"elementor-element elementor-element-e540784 elementor-widget elementor-widget-heading\" data-id=\"e540784\" data-element_type=\"widget\" data-e-type=\"widget\" data-widget_type=\"heading.default\">\n\t\t\t\t\t<h2 class=\"elementor-heading-title elementor-size-default\">COZINHA apollo<\/h2>\t\t\t\t<\/div>\n\t\t<div class=\"elementor-element elementor-element-76fc231 e-con-full e-grid e-con e-child\" data-id=\"76fc231\" data-element_type=\"container\" data-e-type=\"container\">\n\t\t<div class=\"elementor-element elementor-element-bac2a3d e-con-full e-flex e-con e-child\" data-id=\"bac2a3d\" data-element_type=\"container\" data-e-type=\"container\">\n\t\t\t\t<div class=\"elementor-element elementor-element-ad3fde7 elementor-widget elementor-widget-heading\" data-id=\"ad3fde7\" data-element_type=\"widget\" data-e-type=\"widget\" data-widget_type=\"heading.default\">\n\t\t\t\t\t<p class=\"elementor-heading-title elementor-size-default\">Ficha T\u00e9cnica<\/p>\t\t\t\t<\/div>\n\t\t\t\t<div class=\"elementor-element elementor-element-6631ad1 elementor-widget elementor-widget-heading\" data-id=\"6631ad1\" data-element_type=\"widget\" data-e-type=\"widget\" data-widget_type=\"heading.default\">\n\t\t\t\t\t<p class=\"elementor-heading-title elementor-size-default\">Puxadores em MDF<\/p>\t\t\t\t<\/div>\n\t\t\t\t<div class=\"elementor-element elementor-element-9986efd elementor-widget elementor-widget-heading\" data-id=\"9986efd\" data-element_type=\"widget\" data-e-type=\"widget\" data-widget_type=\"heading.default\">\n\t\t\t\t\t<p class=\"elementor-heading-title elementor-size-default\">P\u00e9s com regulagem<span style=\"letter-spacing: 0px\"><\/span><\/p>\t\t\t\t<\/div>\n\t\t\t\t<div class=\"elementor-element elementor-element-f042cf3 elementor-widget elementor-widget-heading\" data-id=\"f042cf3\" data-element_type=\"widget\" data-e-type=\"widget\" data-widget_type=\"heading.default\">\n\t\t\t\t\t<p class=\"elementor-heading-title elementor-size-default\">Corredi\u00e7a telesc\u00f3pica\n03 estagios com\nabertura total<\/p>\t\t\t\t<\/div>\n\t\t\t\t<div class=\"elementor-element elementor-element-669b2be elementor-widget elementor-widget-heading\" data-id=\"669b2be\" data-element_type=\"widget\" data-e-type=\"widget\" data-widget_type=\"heading.default\">\n\t\t\t\t\t<p class=\"elementor-heading-title elementor-size-default\">Cubagem: 0,1618M\u00b3<span style=\"letter-spacing: 0px\"><\/span><\/p>\t\t\t\t<\/div>\n\t\t\t\t<div class=\"elementor-element elementor-element-de0afc8 elementor-widget elementor-widget-heading\" data-id=\"de0afc8\" data-element_type=\"widget\" data-e-type=\"widget\" data-widget_type=\"heading.default\">\n\t\t\t\t\t<p class=\"elementor-heading-title elementor-size-default\">Volumes: 02<span style=\"letter-spacing: 0px\"><\/span><\/p>\t\t\t\t<\/div>\n\t\t\t\t<\/div>\n\t\t<div class=\"elementor-element elementor-element-1d8116a e-con-full e-flex e-con e-child\" data-id=\"1d8116a\" data-element_type=\"container\" data-e-type=\"container\">\n\t\t\t\t<div class=\"elementor-element elementor-element-6927c00 elementor-widget elementor-widget-heading\" data-id=\"6927c00\" data-element_type=\"widget\" data-e-type=\"widget\" data-widget_type=\"heading.default\">\n\t\t\t\t\t<p class=\"elementor-heading-title elementor-size-default\">OP\u00c7\u00d5ES DE CORES<\/p>\t\t\t\t<\/div>\n\t\t<div class=\"elementor-element elementor-element-9e6b029 e-con-full e-flex e-con e-child\" data-id=\"9e6b029\" data-element_type=\"container\" data-e-type=\"container\">\n\t\t\t\t<div class=\"elementor-element elementor-element-d15e86e elementor-position-top elementor-widget elementor-widget-image-box\" data-id=\"d15e86e\" data-element_type=\"widget\" data-e-type=\"widget\" data-widget_type=\"image-box.default\">\n\t\t\t\t\t<div class=\"elementor-image-box-wrapper\"><figure class=\"elementor-image-box-img\"><img fetchpriority=\"high\" decoding=\"async\" width=\"300\" height=\"212\" src=\"https:\/\/aprovasite.com.br\/vitamov\/wp-content\/uploads\/2026\/02\/Coz-Apolo-pia-nature-conect-f-i-300x212.jpg\" class=\"attachment-medium size-medium wp-image-850\" alt=\"\" srcset=\"https:\/\/aprovasite.com.br\/vitamov\/wp-content\/uploads\/2026\/02\/Coz-Apolo-pia-nature-conect-f-i-300x212.jpg 300w, https:\/\/aprovasite.com.br\/vitamov\/wp-content\/uploads\/2026\/02\/Coz-Apolo-pia-nature-conect-f-i-1024x724.jpg 1024w, https:\/\/aprovasite.com.br\/vitamov\/wp-content\/uploads\/2026\/02\/Coz-Apolo-pia-nature-conect-f-i-768x543.jpg 768w, https:\/\/aprovasite.com.br\/vitamov\/wp-content\/uploads\/2026\/02\/Coz-Apolo-pia-nature-conect-f-i-1536x1085.jpg 1536w, https:\/\/aprovasite.com.br\/vitamov\/wp-content\/uploads\/2026\/02\/Coz-Apolo-pia-nature-conect-f-i-2048x1447.jpg 2048w\" sizes=\"(max-width: 300px) 100vw, 300px\" \/><\/figure><div class=\"elementor-image-box-content\"><p class=\"elementor-image-box-description\">Nature \/ Connect<br>\n8241089<\/p><\/div><\/div>\t\t\t\t<\/div>\n\t\t\t\t<div class=\"elementor-element elementor-element-2503f84 elementor-position-top elementor-widget elementor-widget-image-box\" data-id=\"2503f84\" data-element_type=\"widget\" data-e-type=\"widget\" data-widget_type=\"image-box.default\">\n\t\t\t\t\t<div class=\"elementor-image-box-wrapper\"><figure class=\"elementor-image-box-img\"><img decoding=\"async\" width=\"300\" height=\"212\" src=\"https:\/\/aprovasite.com.br\/vitamov\/wp-content\/uploads\/2026\/02\/Coz-Apolo-pia-nature-grafite-f-i-300x212.jpg\" class=\"attachment-medium size-medium wp-image-851\" alt=\"\" srcset=\"https:\/\/aprovasite.com.br\/vitamov\/wp-content\/uploads\/2026\/02\/Coz-Apolo-pia-nature-grafite-f-i-300x212.jpg 300w, https:\/\/aprovasite.com.br\/vitamov\/wp-content\/uploads\/2026\/02\/Coz-Apolo-pia-nature-grafite-f-i-1024x724.jpg 1024w, https:\/\/aprovasite.com.br\/vitamov\/wp-content\/uploads\/2026\/02\/Coz-Apolo-pia-nature-grafite-f-i-768x543.jpg 768w, https:\/\/aprovasite.com.br\/vitamov\/wp-content\/uploads\/2026\/02\/Coz-Apolo-pia-nature-grafite-f-i-1536x1085.jpg 1536w, https:\/\/aprovasite.com.br\/vitamov\/wp-content\/uploads\/2026\/02\/Coz-Apolo-pia-nature-grafite-f-i-2048x1447.jpg 2048w\" sizes=\"(max-width: 300px) 100vw, 300px\" \/><\/figure><div class=\"elementor-image-box-content\"><p class=\"elementor-image-box-description\">Nature \/ Grafite <br>\n8241090<\/p><\/div><\/div>\t\t\t\t<\/div>\n\t\t\t\t<div class=\"elementor-element elementor-element-6b13ee5 elementor-position-top elementor-widget elementor-widget-image-box\" data-id=\"6b13ee5\" data-element_type=\"widget\" data-e-type=\"widget\" data-widget_type=\"image-box.default\">\n\t\t\t\t\t<div class=\"elementor-image-box-wrapper\"><figure class=\"elementor-image-box-img\"><img decoding=\"async\" width=\"300\" height=\"212\" src=\"https:\/\/aprovasite.com.br\/vitamov\/wp-content\/uploads\/2026\/02\/Coz-Apolo-pia-nature-off-f-i-300x212.jpg\" class=\"attachment-medium size-medium wp-image-852\" alt=\"\" srcset=\"https:\/\/aprovasite.com.br\/vitamov\/wp-content\/uploads\/2026\/02\/Coz-Apolo-pia-nature-off-f-i-300x212.jpg 300w, https:\/\/aprovasite.com.br\/vitamov\/wp-content\/uploads\/2026\/02\/Coz-Apolo-pia-nature-off-f-i-1024x724.jpg 1024w, https:\/\/aprovasite.com.br\/vitamov\/wp-content\/uploads\/2026\/02\/Coz-Apolo-pia-nature-off-f-i-768x543.jpg 768w, https:\/\/aprovasite.com.br\/vitamov\/wp-content\/uploads\/2026\/02\/Coz-Apolo-pia-nature-off-f-i-1536x1085.jpg 1536w, https:\/\/aprovasite.com.br\/vitamov\/wp-content\/uploads\/2026\/02\/Coz-Apolo-pia-nature-off-f-i-2048x1447.jpg 2048w\" sizes=\"(max-width: 300px) 100vw, 300px\" \/><\/figure><div class=\"elementor-image-box-content\"><p class=\"elementor-image-box-description\">Nature \/ Off White \n<br>\n8241091<\/p><\/div><\/div>\t\t\t\t<\/div>\n\t\t\t\t<div class=\"elementor-element elementor-element-bd17b9f elementor-position-top elementor-widget elementor-widget-image-box\" data-id=\"bd17b9f\" data-element_type=\"widget\" data-e-type=\"widget\" data-widget_type=\"image-box.default\">\n\t\t\t\t\t<div class=\"elementor-image-box-wrapper\"><figure class=\"elementor-image-box-img\"><img loading=\"lazy\" decoding=\"async\" width=\"300\" height=\"212\" src=\"https:\/\/aprovasite.com.br\/vitamov\/wp-content\/uploads\/2026\/02\/Coz-Apolo-pia-nature-off-ripado-f-i-300x212.jpg\" class=\"attachment-medium size-medium wp-image-853\" alt=\"\" srcset=\"https:\/\/aprovasite.com.br\/vitamov\/wp-content\/uploads\/2026\/02\/Coz-Apolo-pia-nature-off-ripado-f-i-300x212.jpg 300w, https:\/\/aprovasite.com.br\/vitamov\/wp-content\/uploads\/2026\/02\/Coz-Apolo-pia-nature-off-ripado-f-i-1024x724.jpg 1024w, https:\/\/aprovasite.com.br\/vitamov\/wp-content\/uploads\/2026\/02\/Coz-Apolo-pia-nature-off-ripado-f-i-768x543.jpg 768w, https:\/\/aprovasite.com.br\/vitamov\/wp-content\/uploads\/2026\/02\/Coz-Apolo-pia-nature-off-ripado-f-i-1536x1085.jpg 1536w, https:\/\/aprovasite.com.br\/vitamov\/wp-content\/uploads\/2026\/02\/Coz-Apolo-pia-nature-off-ripado-f-i-2048x1447.jpg 2048w\" sizes=\"(max-width: 300px) 100vw, 300px\" \/><\/figure><div class=\"elementor-image-box-content\"><p class=\"elementor-image-box-description\">Nature\/Off White <br>(Ripado Grafico)\n<br>\n 8241092<\/p><\/div><\/div>\t\t\t\t<\/div>\n\t\t\t\t<\/div>\n\t\t\t\t<\/div>\n\t\t\t\t<\/div>\n\t\t<div class=\"elementor-element elementor-element-f9f4717 e-con-full e-grid e-con e-child\" data-id=\"f9f4717\" data-element_type=\"container\" data-e-type=\"container\">\n\t\t\t\t<div class=\"elementor-element elementor-element-c7e89da elementor-widget elementor-widget-image\" data-id=\"c7e89da\" data-element_type=\"widget\" data-e-type=\"widget\" data-widget_type=\"image.default\">\n\t\t\t\t\t\t\t\t\t\t\t\t\t\t\t<img loading=\"lazy\" decoding=\"async\" width=\"800\" height=\"727\" src=\"https:\/\/aprovasite.com.br\/vitamov\/wp-content\/uploads\/2026\/02\/cozinha-apollo.png\" class=\"attachment-large size-large wp-image-854\" alt=\"\" srcset=\"https:\/\/aprovasite.com.br\/vitamov\/wp-content\/uploads\/2026\/02\/cozinha-apollo.png 1000w, https:\/\/aprovasite.com.br\/vitamov\/wp-content\/uploads\/2026\/02\/cozinha-apollo-300x273.png 300w, https:\/\/aprovasite.com.br\/vitamov\/wp-content\/uploads\/2026\/02\/cozinha-apollo-768x698.png 768w\" sizes=\"(max-width: 800px) 100vw, 800px\" \/>\t\t\t\t\t\t\t\t\t\t\t\t\t\t\t<\/div>\n\t\t\t\t<\/div>\n\t\t\t\t\t<\/div>\n\t\t\t\t<\/div>\n\t\t<div class=\"elementor-element elementor-element-1380c6e e-flex e-con-boxed e-con e-parent\" data-id=\"1380c6e\" data-element_type=\"container\" data-e-type=\"container\">\n\t\t\t\t\t<div class=\"e-con-inner\">\n\t\t\t\t<div class=\"elementor-element elementor-element-2bf83ff elementor-widget elementor-widget-heading\" data-id=\"2bf83ff\" data-element_type=\"widget\" data-e-type=\"widget\" data-widget_type=\"heading.default\">\n\t\t\t\t\t<h2 class=\"elementor-heading-title elementor-size-default\">NOSSOS DOWNLOADS\n<\/h2>\t\t\t\t<\/div>\n\t\t<div class=\"elementor-element elementor-element-f20ee3e e-con-full e-flex e-con e-child\" data-id=\"f20ee3e\" data-element_type=\"container\" data-e-type=\"container\">\n\t\t<div class=\"elementor-element elementor-element-d3a6111 e-con-full e-flex e-con e-child\" data-id=\"d3a6111\" data-element_type=\"container\" data-e-type=\"container\">\n\t\t\t\t<div class=\"elementor-element elementor-element-ed024b8 elementor-widget elementor-widget-wpr-elementor-template\" data-id=\"ed024b8\" data-element_type=\"widget\" data-e-type=\"widget\" data-widget_type=\"wpr-elementor-template.default\">\n\t\t\t\t\t<style>.elementor-630 .elementor-element.elementor-element-13505c19{--display:flex;}.elementor-widget-button .elementor-button{font-family:var( --e-global-typography-accent-font-family ), Sans-serif;font-size:var( --e-global-typography-accent-font-size );font-weight:var( --e-global-typography-accent-font-weight );text-transform:var( --e-global-typography-accent-text-transform );font-style:var( --e-global-typography-accent-font-style );text-decoration:var( --e-global-typography-accent-text-decoration );line-height:var( --e-global-typography-accent-line-height );letter-spacing:var( --e-global-typography-accent-letter-spacing );background-color:var( --e-global-color-accent );}.elementor-630 .elementor-element.elementor-element-57950dac .elementor-button{font-size:14px;font-weight:600;text-transform:uppercase;letter-spacing:2px;fill:#FFFFFF;color:#FFFFFF;background-color:#DC0000;border-style:none;border-radius:10px 10px 10px 10px;padding:12px 12px 12px 12px;}.elementor-630 .elementor-element.elementor-element-57950dac .elementor-button:hover, .elementor-630 .elementor-element.elementor-element-57950dac .elementor-button:focus{color:#FF0000;background-color:#FFFFFF;border-color:#3D43B7;box-shadow:0px 0px 10px 0px rgba(0,0,0,0.5);}.elementor-630 .elementor-element.elementor-element-57950dac .elementor-button:hover svg, .elementor-630 .elementor-element.elementor-element-57950dac .elementor-button:focus svg{fill:#FF0000;}.elementor-630 .elementor-element.elementor-element-57950dac{margin:0px 0px calc(var(--kit-widget-spacing, 0px) + 0px) 0px;}@media(max-width:1024px){.elementor-widget-button .elementor-button{font-size:var( --e-global-typography-accent-font-size );line-height:var( --e-global-typography-accent-line-height );letter-spacing:var( --e-global-typography-accent-letter-spacing );}}@media(max-width:767px){.elementor-widget-button .elementor-button{font-size:var( --e-global-typography-accent-font-size );line-height:var( --e-global-typography-accent-line-height );letter-spacing:var( --e-global-typography-accent-letter-spacing );}}<\/style>\t\t<div data-elementor-type=\"container\" data-elementor-id=\"630\" class=\"elementor elementor-630\">\n\t\t\t\t<div class=\"elementor-element elementor-element-13505c19 e-con-full e-flex e-con e-child\" data-id=\"13505c19\" data-element_type=\"container\" data-e-type=\"container\">\n\t\t\t\t<div class=\"elementor-element elementor-element-57950dac elementor-align-center elementor-mobile-align-center elementor-widget elementor-widget-button\" data-id=\"57950dac\" data-element_type=\"widget\" data-e-type=\"widget\" data-widget_type=\"button.default\">\n\t\t\t\t\t\t\t\t\t\t<a class=\"elementor-button elementor-button-link elementor-size-sm\" href=\"https:\/\/aprovasite.com.br\/vitamov\/manuais\/catalogo-2026.pdf\" target=\"_blank\">\n\t\t\t\t\t\t<span class=\"elementor-button-content-wrapper\">\n\t\t\t\t\t\t\t\t\t<span class=\"elementor-button-text\">cat\u00e1logo virtual<\/span>\n\t\t\t\t\t<\/span>\n\t\t\t\t\t<\/a>\n\t\t\t\t\t\t\t\t<\/div>\n\t\t\t\t<\/div>\n\t\t\t\t<\/div>\n\t\t<span class=\"wpr-template-edit-btn\" data-permalink=\"https:\/\/aprovasite.com.br\/vitamov\/?elementor_library=link-catalogo\">Edit Template<\/span>\t\t\t\t<\/div>\n\t\t\t\t<\/div>\n\t\t\t\t<\/div>\n\t\t\t\t\t<\/div>\n\t\t\t\t<\/div>\n\t\t\t\t<\/div>\n\t\t","protected":false},"excerpt":{"rendered":"<p>COZINHA Apollo COZINHA apollo Ficha T\u00e9cnica Puxadores em MDF P\u00e9s com regulagem Corredi\u00e7a telesc\u00f3pica 03 estagios com abertura total Cubagem: 0,1618M\u00b3 Volumes: 02 OP\u00c7\u00d5ES DE CORES Nature \/ Connect 8241089 Nature \/ Grafite 8241090 Nature \/ Off White 8241091 Nature\/Off White (Ripado Grafico) 8241092 NOSSOS DOWNLOADS cat\u00e1logo virtual Edit Template<\/p>\n","protected":false},"author":2,"featured_media":0,"parent":0,"menu_order":0,"comment_status":"closed","ping_status":"closed","template":"","meta":{"footnotes":""},"class_list":["post-841","page","type-page","status-publish","hentry"],"_links":{"self":[{"href":"https:\/\/aprovasite.com.br\/vitamov\/wp-json\/wp\/v2\/pages\/841","targetHints":{"allow":["GET"]}}],"collection":[{"href":"https:\/\/aprovasite.com.br\/vitamov\/wp-json\/wp\/v2\/pages"}],"about":[{"href":"https:\/\/aprovasite.com.br\/vitamov\/wp-json\/wp\/v2\/types\/page"}],"author":[{"embeddable":true,"href":"https:\/\/aprovasite.com.br\/vitamov\/wp-json\/wp\/v2\/users\/2"}],"replies":[{"embeddable":true,"href":"https:\/\/aprovasite.com.br\/vitamov\/wp-json\/wp\/v2\/comments?post=841"}],"version-history":[{"count":43,"href":"https:\/\/aprovasite.com.br\/vitamov\/wp-json\/wp\/v2\/pages\/841\/revisions"}],"predecessor-version":[{"id":2263,"href":"https:\/\/aprovasite.com.br\/vitamov\/wp-json\/wp\/v2\/pages\/841\/revisions\/2263"}],"wp:attachment":[{"href":"https:\/\/aprovasite.com.br\/vitamov\/wp-json\/wp\/v2\/media?parent=841"}],"curies":[{"name":"wp","href":"https:\/\/api.w.org\/{rel}","templated":true}]}}