{"id":432,"date":"2026-02-24T15:46:37","date_gmt":"2026-02-24T18:46:37","guid":{"rendered":"https:\/\/aprovasite.com.br\/vitamov\/?page_id=432"},"modified":"2026-03-11T09:36:09","modified_gmt":"2026-03-11T12:36:09","slug":"cozinha-agata","status":"publish","type":"page","link":"https:\/\/aprovasite.com.br\/vitamov\/cozinha-agata\/","title":{"rendered":"Cozinha Agata"},"content":{"rendered":"\t\t<div data-elementor-type=\"wp-page\" data-elementor-id=\"432\" class=\"elementor elementor-432\">\n\t\t\t\t<div class=\"elementor-element elementor-element-adc3a62 e-flex e-con-boxed e-con e-parent\" data-id=\"adc3a62\" data-element_type=\"container\" data-e-type=\"container\" data-settings=\"{&quot;background_background&quot;:&quot;classic&quot;}\">\n\t\t\t\t\t<div class=\"e-con-inner\">\n\t\t<div class=\"elementor-element elementor-element-d7a7282 e-con-full e-flex e-con e-child\" data-id=\"d7a7282\" data-element_type=\"container\" data-e-type=\"container\">\n\t\t<div class=\"elementor-element elementor-element-08ca944 e-flex e-con-boxed e-con e-child\" data-id=\"08ca944\" data-element_type=\"container\" data-e-type=\"container\">\n\t\t\t\t\t<div class=\"e-con-inner\">\n\t\t\t\t<div class=\"elementor-element elementor-element-425c35d elementor-widget__width-initial elementor-widget-divider--view-line elementor-widget elementor-widget-divider\" data-id=\"425c35d\" data-element_type=\"widget\" data-e-type=\"widget\" data-widget_type=\"divider.default\">\n\t\t\t\t\t\t\t<div class=\"elementor-divider\">\n\t\t\t<span class=\"elementor-divider-separator\">\n\t\t\t\t\t\t<\/span>\n\t\t<\/div>\n\t\t\t\t\t\t<\/div>\n\t\t\t\t<div class=\"elementor-element elementor-element-0d86014 elementor-widget__width-initial elementor-widget-divider--view-line elementor-widget elementor-widget-divider\" data-id=\"0d86014\" data-element_type=\"widget\" data-e-type=\"widget\" data-widget_type=\"divider.default\">\n\t\t\t\t\t\t\t<div class=\"elementor-divider\">\n\t\t\t<span class=\"elementor-divider-separator\">\n\t\t\t\t\t\t<\/span>\n\t\t<\/div>\n\t\t\t\t\t\t<\/div>\n\t\t\t\t\t<\/div>\n\t\t\t\t<\/div>\n\t\t\t\t<div class=\"elementor-element elementor-element-a1402c0 elementor-widget elementor-widget-heading\" data-id=\"a1402c0\" data-element_type=\"widget\" data-e-type=\"widget\" data-widget_type=\"heading.default\">\n\t\t\t\t\t<h2 class=\"elementor-heading-title elementor-size-default\">COZINHA AGATA<\/h2>\t\t\t\t<\/div>\n\t\t<div class=\"elementor-element elementor-element-50385b7 e-con-full e-flex e-con e-child\" data-id=\"50385b7\" data-element_type=\"container\" data-e-type=\"container\">\n\t\t\t\t<div class=\"elementor-element elementor-element-29eb4f0 elementor-widget__width-initial elementor-widget-divider--view-line elementor-widget elementor-widget-divider\" data-id=\"29eb4f0\" data-element_type=\"widget\" data-e-type=\"widget\" data-widget_type=\"divider.default\">\n\t\t\t\t\t\t\t<div class=\"elementor-divider\">\n\t\t\t<span class=\"elementor-divider-separator\">\n\t\t\t\t\t\t<\/span>\n\t\t<\/div>\n\t\t\t\t\t\t<\/div>\n\t\t\t\t<div class=\"elementor-element elementor-element-00c79ac elementor-widget__width-initial elementor-widget-divider--view-line elementor-widget elementor-widget-divider\" data-id=\"00c79ac\" data-element_type=\"widget\" data-e-type=\"widget\" data-widget_type=\"divider.default\">\n\t\t\t\t\t\t\t<div class=\"elementor-divider\">\n\t\t\t<span class=\"elementor-divider-separator\">\n\t\t\t\t\t\t<\/span>\n\t\t<\/div>\n\t\t\t\t\t\t<\/div>\n\t\t\t\t<\/div>\n\t\t\t\t<\/div>\n\t\t\t\t\t<\/div>\n\t\t\t\t<\/div>\n\t\t<div class=\"elementor-element elementor-element-3eca233 e-flex e-con-boxed e-con e-parent\" data-id=\"3eca233\" data-element_type=\"container\" data-e-type=\"container\">\n\t\t\t\t\t<div class=\"e-con-inner\">\n\t\t<div class=\"elementor-element elementor-element-a4c4cdc e-con-full e-transform e-flex e-con e-child\" data-id=\"a4c4cdc\" data-element_type=\"container\" data-e-type=\"container\" data-settings=\"{&quot;_transform_scale_effect_hover&quot;:{&quot;unit&quot;:&quot;px&quot;,&quot;size&quot;:1.05,&quot;sizes&quot;:[]},&quot;_transform_scale_effect_hover_tablet&quot;:{&quot;unit&quot;:&quot;px&quot;,&quot;size&quot;:&quot;&quot;,&quot;sizes&quot;:[]},&quot;_transform_scale_effect_hover_mobile&quot;:{&quot;unit&quot;:&quot;px&quot;,&quot;size&quot;:&quot;&quot;,&quot;sizes&quot;:[]}}\">\n\t\t\t\t<div class=\"elementor-element elementor-element-d71214a elementor-widget elementor-widget-image\" data-id=\"d71214a\" data-element_type=\"widget\" data-e-type=\"widget\" data-widget_type=\"image.default\">\n\t\t\t\t\t\t\t\t\t\t\t\t\t\t\t\t<a href=\"https:\/\/aprovasite.com.br\/vitamov\/cozinha-agata-5-modulos\/\">\n\t\t\t\t\t\t\t<img fetchpriority=\"high\" decoding=\"async\" width=\"2560\" height=\"1809\" src=\"https:\/\/aprovasite.com.br\/vitamov\/wp-content\/uploads\/2026\/02\/agata-5-scaled.jpg\" class=\"attachment-full size-full wp-image-487\" alt=\"\" srcset=\"https:\/\/aprovasite.com.br\/vitamov\/wp-content\/uploads\/2026\/02\/agata-5-scaled.jpg 2560w, https:\/\/aprovasite.com.br\/vitamov\/wp-content\/uploads\/2026\/02\/agata-5-300x212.jpg 300w, https:\/\/aprovasite.com.br\/vitamov\/wp-content\/uploads\/2026\/02\/agata-5-1024x724.jpg 1024w, https:\/\/aprovasite.com.br\/vitamov\/wp-content\/uploads\/2026\/02\/agata-5-768x543.jpg 768w, https:\/\/aprovasite.com.br\/vitamov\/wp-content\/uploads\/2026\/02\/agata-5-1536x1085.jpg 1536w, https:\/\/aprovasite.com.br\/vitamov\/wp-content\/uploads\/2026\/02\/agata-5-2048x1447.jpg 2048w\" sizes=\"(max-width: 2560px) 100vw, 2560px\" \/>\t\t\t\t\t\t\t\t<\/a>\n\t\t\t\t\t\t\t\t\t\t\t\t\t\t\t<\/div>\n\t\t\t\t<div class=\"elementor-element elementor-element-45d1e3f elementor-widget elementor-widget-heading\" data-id=\"45d1e3f\" data-element_type=\"widget\" data-e-type=\"widget\" data-widget_type=\"heading.default\">\n\t\t\t\t\t<h2 class=\"elementor-heading-title elementor-size-default\"><a href=\"https:\/\/aprovasite.com.br\/vitamov\/cozinha-agata-5-modulos\/\">COZINHA AGATA <BR>5 M\u00d3DULOS<\/a><\/h2>\t\t\t\t<\/div>\n\t\t\t\t<\/div>\n\t\t<div class=\"elementor-element elementor-element-ade6da8 e-con-full e-transform e-flex e-con e-child\" data-id=\"ade6da8\" data-element_type=\"container\" data-e-type=\"container\" data-settings=\"{&quot;_transform_scale_effect_hover&quot;:{&quot;unit&quot;:&quot;px&quot;,&quot;size&quot;:1.05,&quot;sizes&quot;:[]},&quot;_transform_scale_effect_hover_tablet&quot;:{&quot;unit&quot;:&quot;px&quot;,&quot;size&quot;:&quot;&quot;,&quot;sizes&quot;:[]},&quot;_transform_scale_effect_hover_mobile&quot;:{&quot;unit&quot;:&quot;px&quot;,&quot;size&quot;:&quot;&quot;,&quot;sizes&quot;:[]}}\">\n\t\t\t\t<div class=\"elementor-element elementor-element-6819ce2 elementor-widget elementor-widget-image\" data-id=\"6819ce2\" data-element_type=\"widget\" data-e-type=\"widget\" data-widget_type=\"image.default\">\n\t\t\t\t\t\t\t\t\t\t\t\t\t\t\t\t<a href=\"https:\/\/aprovasite.com.br\/vitamov\/cozinha-agata-6-modulos\/\">\n\t\t\t\t\t\t\t<img decoding=\"async\" width=\"800\" height=\"566\" src=\"https:\/\/aprovasite.com.br\/vitamov\/wp-content\/uploads\/2026\/02\/agata-6-1024x724.jpg\" class=\"attachment-large size-large wp-image-486\" alt=\"\" srcset=\"https:\/\/aprovasite.com.br\/vitamov\/wp-content\/uploads\/2026\/02\/agata-6-1024x724.jpg 1024w, https:\/\/aprovasite.com.br\/vitamov\/wp-content\/uploads\/2026\/02\/agata-6-300x212.jpg 300w, https:\/\/aprovasite.com.br\/vitamov\/wp-content\/uploads\/2026\/02\/agata-6-768x543.jpg 768w, https:\/\/aprovasite.com.br\/vitamov\/wp-content\/uploads\/2026\/02\/agata-6-1536x1085.jpg 1536w, https:\/\/aprovasite.com.br\/vitamov\/wp-content\/uploads\/2026\/02\/agata-6-2048x1447.jpg 2048w\" sizes=\"(max-width: 800px) 100vw, 800px\" \/>\t\t\t\t\t\t\t\t<\/a>\n\t\t\t\t\t\t\t\t\t\t\t\t\t\t\t<\/div>\n\t\t\t\t<div class=\"elementor-element elementor-element-7941498 elementor-widget elementor-widget-heading\" data-id=\"7941498\" data-element_type=\"widget\" data-e-type=\"widget\" data-widget_type=\"heading.default\">\n\t\t\t\t\t<h2 class=\"elementor-heading-title elementor-size-default\"><a href=\"https:\/\/aprovasite.com.br\/vitamov\/cozinha-agata-6-modulos\/\">COZINHA AGATA <br>6 M\u00d3DULOS<\/a><\/h2>\t\t\t\t<\/div>\n\t\t\t\t<\/div>\n\t\t<div class=\"elementor-element elementor-element-a3ef3c8 e-con-full e-transform e-flex e-con e-child\" data-id=\"a3ef3c8\" data-element_type=\"container\" data-e-type=\"container\" data-settings=\"{&quot;_transform_scale_effect_hover&quot;:{&quot;unit&quot;:&quot;px&quot;,&quot;size&quot;:1.05,&quot;sizes&quot;:[]},&quot;_transform_scale_effect_hover_tablet&quot;:{&quot;unit&quot;:&quot;px&quot;,&quot;size&quot;:&quot;&quot;,&quot;sizes&quot;:[]},&quot;_transform_scale_effect_hover_mobile&quot;:{&quot;unit&quot;:&quot;px&quot;,&quot;size&quot;:&quot;&quot;,&quot;sizes&quot;:[]}}\">\n\t\t\t\t<div class=\"elementor-element elementor-element-7fe0b89 elementor-widget elementor-widget-image\" data-id=\"7fe0b89\" data-element_type=\"widget\" data-e-type=\"widget\" data-widget_type=\"image.default\">\n\t\t\t\t\t\t\t\t\t\t\t\t\t\t\t\t<a href=\"https:\/\/aprovasite.com.br\/vitamov\/cozinha-agata-10-modulos\/\">\n\t\t\t\t\t\t\t<img decoding=\"async\" width=\"800\" height=\"566\" src=\"https:\/\/aprovasite.com.br\/vitamov\/wp-content\/uploads\/2026\/02\/agata-10-1024x724.jpg\" class=\"attachment-large size-large wp-image-485\" alt=\"\" srcset=\"https:\/\/aprovasite.com.br\/vitamov\/wp-content\/uploads\/2026\/02\/agata-10-1024x724.jpg 1024w, https:\/\/aprovasite.com.br\/vitamov\/wp-content\/uploads\/2026\/02\/agata-10-300x212.jpg 300w, https:\/\/aprovasite.com.br\/vitamov\/wp-content\/uploads\/2026\/02\/agata-10-768x543.jpg 768w, https:\/\/aprovasite.com.br\/vitamov\/wp-content\/uploads\/2026\/02\/agata-10-1536x1086.jpg 1536w, https:\/\/aprovasite.com.br\/vitamov\/wp-content\/uploads\/2026\/02\/agata-10-2048x1448.jpg 2048w\" sizes=\"(max-width: 800px) 100vw, 800px\" \/>\t\t\t\t\t\t\t\t<\/a>\n\t\t\t\t\t\t\t\t\t\t\t\t\t\t\t<\/div>\n\t\t\t\t<div class=\"elementor-element elementor-element-238da37 elementor-widget elementor-widget-heading\" data-id=\"238da37\" data-element_type=\"widget\" data-e-type=\"widget\" data-widget_type=\"heading.default\">\n\t\t\t\t\t<h2 class=\"elementor-heading-title elementor-size-default\"><a href=\"https:\/\/aprovasite.com.br\/vitamov\/cozinha-agata-10-modulos\/\">COZINHA AGATA <br>10 M\u00d3DULOS<\/a><\/h2>\t\t\t\t<\/div>\n\t\t\t\t<\/div>\n\t\t\t\t\t<\/div>\n\t\t\t\t<\/div>\n\t\t\t\t<\/div>\n\t\t","protected":false},"excerpt":{"rendered":"<p>COZINHA AGATA COZINHA AGATA 5 M\u00d3DULOS COZINHA AGATA 6 M\u00d3DULOS COZINHA AGATA 10 M\u00d3DULOS<\/p>\n","protected":false},"author":2,"featured_media":0,"parent":0,"menu_order":0,"comment_status":"closed","ping_status":"closed","template":"","meta":{"footnotes":""},"class_list":["post-432","page","type-page","status-publish","hentry"],"_links":{"self":[{"href":"https:\/\/aprovasite.com.br\/vitamov\/wp-json\/wp\/v2\/pages\/432","targetHints":{"allow":["GET"]}}],"collection":[{"href":"https:\/\/aprovasite.com.br\/vitamov\/wp-json\/wp\/v2\/pages"}],"about":[{"href":"https:\/\/aprovasite.com.br\/vitamov\/wp-json\/wp\/v2\/types\/page"}],"author":[{"embeddable":true,"href":"https:\/\/aprovasite.com.br\/vitamov\/wp-json\/wp\/v2\/users\/2"}],"replies":[{"embeddable":true,"href":"https:\/\/aprovasite.com.br\/vitamov\/wp-json\/wp\/v2\/comments?post=432"}],"version-history":[{"count":40,"href":"https:\/\/aprovasite.com.br\/vitamov\/wp-json\/wp\/v2\/pages\/432\/revisions"}],"predecessor-version":[{"id":1585,"href":"https:\/\/aprovasite.com.br\/vitamov\/wp-json\/wp\/v2\/pages\/432\/revisions\/1585"}],"wp:attachment":[{"href":"https:\/\/aprovasite.com.br\/vitamov\/wp-json\/wp\/v2\/media?parent=432"}],"curies":[{"name":"wp","href":"https:\/\/api.w.org\/{rel}","templated":true}]}}