{"id":285,"date":"2026-02-09T09:18:41","date_gmt":"2026-02-09T12:18:41","guid":{"rendered":"https:\/\/aprovasite.com.br\/vitamov\/?page_id=285"},"modified":"2026-03-17T10:32:48","modified_gmt":"2026-03-17T13:32:48","slug":"crie-seu-projeto","status":"publish","type":"page","link":"https:\/\/aprovasite.com.br\/vitamov\/crie-seu-projeto\/","title":{"rendered":"Crie seu projeto"},"content":{"rendered":"\t\t<div data-elementor-type=\"wp-page\" data-elementor-id=\"285\" class=\"elementor elementor-285\">\n\t\t\t\t<div class=\"elementor-element elementor-element-224f202 e-flex e-con-boxed e-con e-parent\" data-id=\"224f202\" data-element_type=\"container\" data-e-type=\"container\" data-settings=\"{&quot;background_background&quot;:&quot;classic&quot;}\">\n\t\t\t\t\t<div class=\"e-con-inner\">\n\t\t\t\t<div class=\"elementor-element elementor-element-6fce1f8 elementor-widget elementor-widget-heading\" data-id=\"6fce1f8\" data-element_type=\"widget\" data-e-type=\"widget\" data-widget_type=\"heading.default\">\n\t\t\t\t\t<h2 class=\"elementor-heading-title elementor-size-default\">CRIE SEU PROJETO<\/h2>\t\t\t\t<\/div>\n\t\t\t\t\t<\/div>\n\t\t\t\t<\/div>\n\t\t<div class=\"elementor-element elementor-element-c4da3a9 e-flex e-con-boxed e-con e-parent\" data-id=\"c4da3a9\" data-element_type=\"container\" data-e-type=\"container\">\n\t\t\t\t\t<div class=\"e-con-inner\">\n\t\t<div class=\"elementor-element elementor-element-b075cab e-con-full e-flex e-con e-child\" data-id=\"b075cab\" data-element_type=\"container\" data-e-type=\"container\">\n\t\t\t\t<div class=\"elementor-element elementor-element-440ffeb elementor-widget elementor-widget-heading\" data-id=\"440ffeb\" data-element_type=\"widget\" data-e-type=\"widget\" data-widget_type=\"heading.default\">\n\t\t\t\t\t<h2 class=\"elementor-heading-title elementor-size-default\">A VITAMOV AGORA TEM VDMAX<\/h2>\t\t\t\t<\/div>\n\t\t\t\t<div class=\"elementor-element elementor-element-0530a6f elementor-widget elementor-widget-text-editor\" data-id=\"0530a6f\" data-element_type=\"widget\" data-e-type=\"widget\" data-widget_type=\"text-editor.default\">\n\t\t\t\t\t\t\t\t\t<div data-subtree=\"aimfl\" data-complete=\"true\" data-processed=\"true\">Mais tecnologia para transformar ideias em projetos reais.<br \/>Com o VDMAX, o cliente pode montar sua cozinha VITAMOV, visualizando cada detalhe antes da compra.<br data-serialized-params=\"[]\" data-complete=\"true\" data-processed=\"true\" \/>Mais precis\u00e3o no projeto, mais agilidade no atendimento e mais seguran\u00e7a na decis\u00e3o.<br data-serialized-params=\"[]\" data-complete=\"true\" data-processed=\"true\" \/>VITAMOV \u2013 qualidade que come\u00e7a no projeto.<\/div>\t\t\t\t\t\t\t\t<\/div>\n\t\t\t\t<div class=\"elementor-element elementor-element-a414f41 elementor-widget elementor-widget-image\" data-id=\"a414f41\" data-element_type=\"widget\" data-e-type=\"widget\" data-widget_type=\"image.default\">\n\t\t\t\t\t\t\t\t\t\t\t\t\t\t\t<img decoding=\"async\" width=\"300\" height=\"100\" src=\"https:\/\/aprovasite.com.br\/vitamov\/wp-content\/uploads\/2026\/02\/vdmax.png\" class=\"attachment-large size-large wp-image-301\" alt=\"\" \/>\t\t\t\t\t\t\t\t\t\t\t\t\t\t\t<\/div>\n\t\t\t\t<\/div>\n\t\t<div class=\"elementor-element elementor-element-29b4142 e-con-full e-flex e-con e-child\" data-id=\"29b4142\" data-element_type=\"container\" data-e-type=\"container\">\n\t\t\t\t<div class=\"elementor-element elementor-element-01cceef elementor-widget elementor-widget-image\" data-id=\"01cceef\" data-element_type=\"widget\" data-e-type=\"widget\" data-widget_type=\"image.default\">\n\t\t\t\t\t\t\t\t\t\t\t\t\t\t\t<img fetchpriority=\"high\" decoding=\"async\" width=\"800\" height=\"800\" src=\"https:\/\/aprovasite.com.br\/vitamov\/wp-content\/uploads\/2026\/03\/IMAGEM-MONITOR-ABA-VDmax.png\" class=\"attachment-large size-large wp-image-2317\" alt=\"\" srcset=\"https:\/\/aprovasite.com.br\/vitamov\/wp-content\/uploads\/2026\/03\/IMAGEM-MONITOR-ABA-VDmax.png 1000w, https:\/\/aprovasite.com.br\/vitamov\/wp-content\/uploads\/2026\/03\/IMAGEM-MONITOR-ABA-VDmax-300x300.png 300w, https:\/\/aprovasite.com.br\/vitamov\/wp-content\/uploads\/2026\/03\/IMAGEM-MONITOR-ABA-VDmax-150x150.png 150w, https:\/\/aprovasite.com.br\/vitamov\/wp-content\/uploads\/2026\/03\/IMAGEM-MONITOR-ABA-VDmax-768x768.png 768w\" sizes=\"(max-width: 800px) 100vw, 800px\" \/>\t\t\t\t\t\t\t\t\t\t\t\t\t\t\t<\/div>\n\t\t\t\t<\/div>\n\t\t\t\t\t<\/div>\n\t\t\t\t<\/div>\n\t\t<div class=\"elementor-element elementor-element-4afc6e3 e-flex e-con-boxed e-con e-parent\" data-id=\"4afc6e3\" data-element_type=\"container\" data-e-type=\"container\">\n\t\t\t\t\t<div class=\"e-con-inner\">\n\t\t<div class=\"elementor-element elementor-element-19508de e-con-full e-flex e-con e-child\" data-id=\"19508de\" data-element_type=\"container\" data-e-type=\"container\">\n\t\t\t\t<\/div>\n\t\t<div class=\"elementor-element elementor-element-7160bf9 e-con-full e-flex e-con e-child\" data-id=\"7160bf9\" data-element_type=\"container\" data-e-type=\"container\">\n\t\t\t\t<div class=\"elementor-element elementor-element-afad37d elementor-align-center elementor-widget elementor-widget-button\" data-id=\"afad37d\" data-element_type=\"widget\" data-e-type=\"widget\" data-widget_type=\"button.default\">\n\t\t\t\t\t\t\t\t\t\t<a class=\"elementor-button elementor-button-link elementor-size-sm\" href=\"https:\/\/www.vdmax3d.com.br\/Vitamov\" target=\"_blank\">\n\t\t\t\t\t\t<span class=\"elementor-button-content-wrapper\">\n\t\t\t\t\t\t\t\t\t<span class=\"elementor-button-text\">COME\u00c7E SEU PROJETO<\/span>\n\t\t\t\t\t<\/span>\n\t\t\t\t\t<\/a>\n\t\t\t\t\t\t\t\t<\/div>\n\t\t\t\t<div class=\"elementor-element elementor-element-6d0845e elementor-align-center elementor-widget elementor-widget-button\" data-id=\"6d0845e\" data-element_type=\"widget\" data-e-type=\"widget\" data-widget_type=\"button.default\">\n\t\t\t\t\t\t\t\t\t\t<a class=\"elementor-button elementor-button-link elementor-size-sm\" href=\"https:\/\/aprovasite.com.br\/vitamov\/manuais\/Passo%20a%20passo%20VDmax.pdf\" target=\"_blank\">\n\t\t\t\t\t\t<span class=\"elementor-button-content-wrapper\">\n\t\t\t\t\t\t\t\t\t<span class=\"elementor-button-text\">PASSO A PASSO PARA A INSTALA\u00c7\u00c3O<\/span>\n\t\t\t\t\t<\/span>\n\t\t\t\t\t<\/a>\n\t\t\t\t\t\t\t\t<\/div>\n\t\t\t\t<\/div>\n\t\t\t\t\t<\/div>\n\t\t\t\t<\/div>\n\t\t\t\t<\/div>\n\t\t","protected":false},"excerpt":{"rendered":"<p>CRIE SEU PROJETO A VITAMOV AGORA TEM VDMAX Mais tecnologia para transformar ideias em projetos reais.Com o VDMAX, o cliente pode montar sua cozinha VITAMOV, visualizando cada detalhe antes da compra.Mais precis\u00e3o no projeto, mais agilidade no atendimento e mais seguran\u00e7a na decis\u00e3o.VITAMOV \u2013 qualidade que come\u00e7a no projeto. COME\u00c7E SEU PROJETO PASSO A PASSO PARA A INSTALA\u00c7\u00c3O<\/p>\n","protected":false},"author":2,"featured_media":0,"parent":0,"menu_order":0,"comment_status":"closed","ping_status":"closed","template":"","meta":{"footnotes":""},"class_list":["post-285","page","type-page","status-publish","hentry"],"_links":{"self":[{"href":"https:\/\/aprovasite.com.br\/vitamov\/wp-json\/wp\/v2\/pages\/285","targetHints":{"allow":["GET"]}}],"collection":[{"href":"https:\/\/aprovasite.com.br\/vitamov\/wp-json\/wp\/v2\/pages"}],"about":[{"href":"https:\/\/aprovasite.com.br\/vitamov\/wp-json\/wp\/v2\/types\/page"}],"author":[{"embeddable":true,"href":"https:\/\/aprovasite.com.br\/vitamov\/wp-json\/wp\/v2\/users\/2"}],"replies":[{"embeddable":true,"href":"https:\/\/aprovasite.com.br\/vitamov\/wp-json\/wp\/v2\/comments?post=285"}],"version-history":[{"count":28,"href":"https:\/\/aprovasite.com.br\/vitamov\/wp-json\/wp\/v2\/pages\/285\/revisions"}],"predecessor-version":[{"id":2412,"href":"https:\/\/aprovasite.com.br\/vitamov\/wp-json\/wp\/v2\/pages\/285\/revisions\/2412"}],"wp:attachment":[{"href":"https:\/\/aprovasite.com.br\/vitamov\/wp-json\/wp\/v2\/media?parent=285"}],"curies":[{"name":"wp","href":"https:\/\/api.w.org\/{rel}","templated":true}]}}