{"id":1567,"date":"2026-03-11T09:06:56","date_gmt":"2026-03-11T12:06:56","guid":{"rendered":"https:\/\/aprovasite.com.br\/vitamov\/?page_id=1567"},"modified":"2026-03-16T17:26:15","modified_gmt":"2026-03-16T20:26:15","slug":"grade-de-protecao","status":"publish","type":"page","link":"https:\/\/aprovasite.com.br\/vitamov\/grade-de-protecao\/","title":{"rendered":"Grade de Prote\u00e7\u00e3o"},"content":{"rendered":"\t\t<div data-elementor-type=\"wp-page\" data-elementor-id=\"1567\" class=\"elementor elementor-1567\">\n\t\t\t\t<div class=\"elementor-element elementor-element-dc54758 e-flex e-con-boxed e-con e-parent\" data-id=\"dc54758\" data-element_type=\"container\" data-e-type=\"container\" data-settings=\"{&quot;background_background&quot;:&quot;classic&quot;}\">\n\t\t\t\t\t<div class=\"e-con-inner\">\n\t\t<div class=\"elementor-element elementor-element-596463e e-con-full e-flex e-con e-child\" data-id=\"596463e\" data-element_type=\"container\" data-e-type=\"container\">\n\t\t<div class=\"elementor-element elementor-element-4b2cf46 e-flex e-con-boxed e-con e-child\" data-id=\"4b2cf46\" data-element_type=\"container\" data-e-type=\"container\">\n\t\t\t\t\t<div class=\"e-con-inner\">\n\t\t\t\t<div class=\"elementor-element elementor-element-c8f81c5 elementor-widget__width-initial elementor-widget-divider--view-line elementor-widget elementor-widget-divider\" data-id=\"c8f81c5\" data-element_type=\"widget\" data-e-type=\"widget\" data-widget_type=\"divider.default\">\n\t\t\t\t\t\t\t<div class=\"elementor-divider\">\n\t\t\t<span class=\"elementor-divider-separator\">\n\t\t\t\t\t\t<\/span>\n\t\t<\/div>\n\t\t\t\t\t\t<\/div>\n\t\t\t\t<div class=\"elementor-element elementor-element-cc93246 elementor-widget__width-initial elementor-widget-divider--view-line elementor-widget elementor-widget-divider\" data-id=\"cc93246\" data-element_type=\"widget\" data-e-type=\"widget\" data-widget_type=\"divider.default\">\n\t\t\t\t\t\t\t<div class=\"elementor-divider\">\n\t\t\t<span class=\"elementor-divider-separator\">\n\t\t\t\t\t\t<\/span>\n\t\t<\/div>\n\t\t\t\t\t\t<\/div>\n\t\t\t\t\t<\/div>\n\t\t\t\t<\/div>\n\t\t\t\t<div class=\"elementor-element elementor-element-d21e114 elementor-widget elementor-widget-heading\" data-id=\"d21e114\" data-element_type=\"widget\" data-e-type=\"widget\" data-widget_type=\"heading.default\">\n\t\t\t\t\t<h2 class=\"elementor-heading-title elementor-size-default\">Grade de Prote\u00e7\u00e3o<\/h2>\t\t\t\t<\/div>\n\t\t<div class=\"elementor-element elementor-element-3e6bfba e-con-full e-flex e-con e-child\" data-id=\"3e6bfba\" data-element_type=\"container\" data-e-type=\"container\">\n\t\t\t\t<div class=\"elementor-element elementor-element-037f358 elementor-widget__width-initial elementor-widget-divider--view-line elementor-widget elementor-widget-divider\" data-id=\"037f358\" data-element_type=\"widget\" data-e-type=\"widget\" data-widget_type=\"divider.default\">\n\t\t\t\t\t\t\t<div class=\"elementor-divider\">\n\t\t\t<span class=\"elementor-divider-separator\">\n\t\t\t\t\t\t<\/span>\n\t\t<\/div>\n\t\t\t\t\t\t<\/div>\n\t\t\t\t<div class=\"elementor-element elementor-element-edd4a19 elementor-widget__width-initial elementor-widget-divider--view-line elementor-widget elementor-widget-divider\" data-id=\"edd4a19\" data-element_type=\"widget\" data-e-type=\"widget\" data-widget_type=\"divider.default\">\n\t\t\t\t\t\t\t<div class=\"elementor-divider\">\n\t\t\t<span class=\"elementor-divider-separator\">\n\t\t\t\t\t\t<\/span>\n\t\t<\/div>\n\t\t\t\t\t\t<\/div>\n\t\t\t\t<\/div>\n\t\t\t\t<\/div>\n\t\t\t\t\t<\/div>\n\t\t\t\t<\/div>\n\t\t<div class=\"elementor-element elementor-element-4a948dc e-flex e-con-boxed e-con e-parent\" data-id=\"4a948dc\" data-element_type=\"container\" data-e-type=\"container\">\n\t\t\t\t\t<div class=\"e-con-inner\">\n\t\t\t\t<div class=\"elementor-element elementor-element-6360c54 elementor-widget elementor-widget-image\" data-id=\"6360c54\" data-element_type=\"widget\" data-e-type=\"widget\" data-widget_type=\"image.default\">\n\t\t\t\t\t\t\t\t\t\t\t\t\t\t\t<img fetchpriority=\"high\" decoding=\"async\" width=\"800\" height=\"473\" src=\"https:\/\/aprovasite.com.br\/vitamov\/wp-content\/uploads\/2026\/03\/Grade-Protecao-Branco-0201310-1024x605.jpg\" class=\"attachment-large size-large wp-image-1572\" alt=\"\" srcset=\"https:\/\/aprovasite.com.br\/vitamov\/wp-content\/uploads\/2026\/03\/Grade-Protecao-Branco-0201310-1024x605.jpg 1024w, https:\/\/aprovasite.com.br\/vitamov\/wp-content\/uploads\/2026\/03\/Grade-Protecao-Branco-0201310-300x177.jpg 300w, https:\/\/aprovasite.com.br\/vitamov\/wp-content\/uploads\/2026\/03\/Grade-Protecao-Branco-0201310-768x454.jpg 768w, https:\/\/aprovasite.com.br\/vitamov\/wp-content\/uploads\/2026\/03\/Grade-Protecao-Branco-0201310-1536x908.jpg 1536w, https:\/\/aprovasite.com.br\/vitamov\/wp-content\/uploads\/2026\/03\/Grade-Protecao-Branco-0201310-2048x1211.jpg 2048w\" sizes=\"(max-width: 800px) 100vw, 800px\" \/>\t\t\t\t\t\t\t\t\t\t\t\t\t\t\t<\/div>\n\t\t\t\t<div class=\"elementor-element elementor-element-00d9049 elementor-absolute elementor-widget elementor-widget-image\" data-id=\"00d9049\" data-element_type=\"widget\" data-e-type=\"widget\" data-settings=\"{&quot;_position&quot;:&quot;absolute&quot;}\" data-widget_type=\"image.default\">\n\t\t\t\t\t\t\t\t\t\t\t\t\t\t\t<img decoding=\"async\" width=\"800\" height=\"800\" src=\"https:\/\/aprovasite.com.br\/vitamov\/wp-content\/uploads\/2026\/03\/Logo-100-MDF.png\" class=\"attachment-large size-large wp-image-2096\" alt=\"\" srcset=\"https:\/\/aprovasite.com.br\/vitamov\/wp-content\/uploads\/2026\/03\/Logo-100-MDF.png 1000w, https:\/\/aprovasite.com.br\/vitamov\/wp-content\/uploads\/2026\/03\/Logo-100-MDF-300x300.png 300w, https:\/\/aprovasite.com.br\/vitamov\/wp-content\/uploads\/2026\/03\/Logo-100-MDF-150x150.png 150w, https:\/\/aprovasite.com.br\/vitamov\/wp-content\/uploads\/2026\/03\/Logo-100-MDF-768x768.png 768w\" sizes=\"(max-width: 800px) 100vw, 800px\" \/>\t\t\t\t\t\t\t\t\t\t\t\t\t\t\t<\/div>\n\t\t\t\t\t<\/div>\n\t\t\t\t<\/div>\n\t\t<div class=\"elementor-element elementor-element-d1a19c4 e-flex e-con-boxed e-con e-parent\" data-id=\"d1a19c4\" data-element_type=\"container\" data-e-type=\"container\">\n\t\t\t\t\t<div class=\"e-con-inner\">\n\t\t\t\t<div class=\"elementor-element elementor-element-e540784 elementor-widget elementor-widget-heading\" data-id=\"e540784\" data-element_type=\"widget\" data-e-type=\"widget\" data-widget_type=\"heading.default\">\n\t\t\t\t\t<h2 class=\"elementor-heading-title elementor-size-default\">Grade de Prote\u00e7\u00e3o<\/h2>\t\t\t\t<\/div>\n\t\t<div class=\"elementor-element elementor-element-76fc231 e-con-full e-grid e-con e-child\" data-id=\"76fc231\" data-element_type=\"container\" data-e-type=\"container\">\n\t\t<div class=\"elementor-element elementor-element-bac2a3d e-con-full e-flex e-con e-child\" data-id=\"bac2a3d\" data-element_type=\"container\" data-e-type=\"container\">\n\t\t\t\t<div class=\"elementor-element elementor-element-ad3fde7 elementor-widget elementor-widget-heading\" data-id=\"ad3fde7\" data-element_type=\"widget\" data-e-type=\"widget\" data-widget_type=\"heading.default\">\n\t\t\t\t\t<p class=\"elementor-heading-title elementor-size-default\">FICHA T\u00c9CNICA<\/p>\t\t\t\t<\/div>\n\t\t\t\t<div class=\"elementor-element elementor-element-6631ad1 elementor-widget elementor-widget-heading\" data-id=\"6631ad1\" data-element_type=\"widget\" data-e-type=\"widget\" data-widget_type=\"heading.default\">\n\t\t\t\t\t<p class=\"elementor-heading-title elementor-size-default\">Larg.: 900MM<\/p>\t\t\t\t<\/div>\n\t\t\t\t<div class=\"elementor-element elementor-element-9986efd elementor-widget elementor-widget-heading\" data-id=\"9986efd\" data-element_type=\"widget\" data-e-type=\"widget\" data-widget_type=\"heading.default\">\n\t\t\t\t\t<p class=\"elementor-heading-title elementor-size-default\">Prof.: 390MM<\/p>\t\t\t\t<\/div>\n\t\t\t\t<div class=\"elementor-element elementor-element-f042cf3 elementor-widget elementor-widget-heading\" data-id=\"f042cf3\" data-element_type=\"widget\" data-e-type=\"widget\" data-widget_type=\"heading.default\">\n\t\t\t\t\t<p class=\"elementor-heading-title elementor-size-default\">Alt.: 15MM<\/p>\t\t\t\t<\/div>\n\t\t\t\t<div class=\"elementor-element elementor-element-62f99d6 elementor-widget elementor-widget-heading\" data-id=\"62f99d6\" data-element_type=\"widget\" data-e-type=\"widget\" data-widget_type=\"heading.default\">\n\t\t\t\t\t<p class=\"elementor-heading-title elementor-size-default\">Cubagem: 0,0079m\u00b3<\/p>\t\t\t\t<\/div>\n\t\t\t\t<div class=\"elementor-element elementor-element-5b61606 elementor-widget elementor-widget-heading\" data-id=\"5b61606\" data-element_type=\"widget\" data-e-type=\"widget\" data-widget_type=\"heading.default\">\n\t\t\t\t\t<p class=\"elementor-heading-title elementor-size-default\">Volumes: 01<\/p>\t\t\t\t<\/div>\n\t\t\t\t<\/div>\n\t\t<div class=\"elementor-element elementor-element-05d2f31 e-con-full e-flex e-con e-child\" data-id=\"05d2f31\" data-element_type=\"container\" data-e-type=\"container\">\n\t\t\t\t<div class=\"elementor-element elementor-element-6693b2c elementor-widget elementor-widget-heading\" data-id=\"6693b2c\" data-element_type=\"widget\" data-e-type=\"widget\" data-widget_type=\"heading.default\">\n\t\t\t\t\t<p class=\"elementor-heading-title elementor-size-default\">informa\u00e7\u00f5es<\/p>\t\t\t\t<\/div>\n\t\t\t\t<div class=\"elementor-element elementor-element-1b6d217 elementor-widget elementor-widget-heading\" data-id=\"1b6d217\" data-element_type=\"widget\" data-e-type=\"widget\" data-widget_type=\"heading.default\">\n\t\t\t\t\t<p class=\"elementor-heading-title elementor-size-default\">Grade com acabamento soft (arredondado), projetada para maior seguran\u00e7a e prote\u00e7\u00e3o.<\/p>\t\t\t\t<\/div>\n\t\t\t\t<\/div>\n\t\t<div class=\"elementor-element elementor-element-1d8116a e-con-full e-flex e-con e-child\" data-id=\"1d8116a\" data-element_type=\"container\" data-e-type=\"container\">\n\t\t\t\t<div class=\"elementor-element elementor-element-6927c00 elementor-widget elementor-widget-heading\" data-id=\"6927c00\" data-element_type=\"widget\" data-e-type=\"widget\" data-widget_type=\"heading.default\">\n\t\t\t\t\t<p class=\"elementor-heading-title elementor-size-default\">OP\u00c7\u00d5ES DE CORES<\/p>\t\t\t\t<\/div>\n\t\t<div class=\"elementor-element elementor-element-9e6b029 e-con-full e-flex e-con e-child\" data-id=\"9e6b029\" data-element_type=\"container\" data-e-type=\"container\">\n\t\t\t\t<div class=\"elementor-element elementor-element-6b13ee5 elementor-position-top elementor-widget elementor-widget-image-box\" data-id=\"6b13ee5\" data-element_type=\"widget\" data-e-type=\"widget\" data-widget_type=\"image-box.default\">\n\t\t\t\t\t<div class=\"elementor-image-box-wrapper\"><figure class=\"elementor-image-box-img\"><img decoding=\"async\" width=\"300\" height=\"177\" src=\"https:\/\/aprovasite.com.br\/vitamov\/wp-content\/uploads\/2026\/03\/Grade-Protecao-Branco-0201310-300x177.jpg\" class=\"attachment-medium size-medium wp-image-1572\" alt=\"\" srcset=\"https:\/\/aprovasite.com.br\/vitamov\/wp-content\/uploads\/2026\/03\/Grade-Protecao-Branco-0201310-300x177.jpg 300w, https:\/\/aprovasite.com.br\/vitamov\/wp-content\/uploads\/2026\/03\/Grade-Protecao-Branco-0201310-1024x605.jpg 1024w, https:\/\/aprovasite.com.br\/vitamov\/wp-content\/uploads\/2026\/03\/Grade-Protecao-Branco-0201310-768x454.jpg 768w, https:\/\/aprovasite.com.br\/vitamov\/wp-content\/uploads\/2026\/03\/Grade-Protecao-Branco-0201310-1536x908.jpg 1536w, https:\/\/aprovasite.com.br\/vitamov\/wp-content\/uploads\/2026\/03\/Grade-Protecao-Branco-0201310-2048x1211.jpg 2048w\" sizes=\"(max-width: 300px) 100vw, 300px\" \/><\/figure><div class=\"elementor-image-box-content\"><p class=\"elementor-image-box-description\">Branco<br> 0201310<\/p><\/div><\/div>\t\t\t\t<\/div>\n\t\t\t\t<\/div>\n\t\t\t\t<\/div>\n\t\t\t\t<\/div>\n\t\t<div class=\"elementor-element elementor-element-f9f4717 e-con-full e-grid e-con e-child\" data-id=\"f9f4717\" data-element_type=\"container\" data-e-type=\"container\">\n\t\t\t\t<\/div>\n\t\t\t\t\t<\/div>\n\t\t\t\t<\/div>\n\t\t<div class=\"elementor-element elementor-element-1380c6e e-flex e-con-boxed e-con e-parent\" data-id=\"1380c6e\" data-element_type=\"container\" data-e-type=\"container\">\n\t\t\t\t\t<div class=\"e-con-inner\">\n\t\t\t\t<div class=\"elementor-element elementor-element-2bf83ff elementor-widget elementor-widget-heading\" data-id=\"2bf83ff\" data-element_type=\"widget\" data-e-type=\"widget\" data-widget_type=\"heading.default\">\n\t\t\t\t\t<h2 class=\"elementor-heading-title elementor-size-default\">NOSSOS DOWNLOADS\n<\/h2>\t\t\t\t<\/div>\n\t\t<div class=\"elementor-element elementor-element-f20ee3e e-con-full e-flex e-con e-child\" data-id=\"f20ee3e\" data-element_type=\"container\" data-e-type=\"container\">\n\t\t<div class=\"elementor-element elementor-element-d3a6111 e-con-full e-flex e-con e-child\" data-id=\"d3a6111\" data-element_type=\"container\" data-e-type=\"container\">\n\t\t\t\t<div class=\"elementor-element elementor-element-ed024b8 elementor-widget elementor-widget-wpr-elementor-template\" data-id=\"ed024b8\" data-element_type=\"widget\" data-e-type=\"widget\" data-widget_type=\"wpr-elementor-template.default\">\n\t\t\t\t\t<style>.elementor-630 .elementor-element.elementor-element-13505c19{--display:flex;}.elementor-widget-button .elementor-button{font-family:var( --e-global-typography-accent-font-family ), Sans-serif;font-size:var( --e-global-typography-accent-font-size );font-weight:var( --e-global-typography-accent-font-weight );text-transform:var( --e-global-typography-accent-text-transform );font-style:var( --e-global-typography-accent-font-style );text-decoration:var( --e-global-typography-accent-text-decoration );line-height:var( --e-global-typography-accent-line-height );letter-spacing:var( --e-global-typography-accent-letter-spacing );background-color:var( --e-global-color-accent );}.elementor-630 .elementor-element.elementor-element-57950dac .elementor-button{font-size:14px;font-weight:600;text-transform:uppercase;letter-spacing:2px;fill:#FFFFFF;color:#FFFFFF;background-color:#DC0000;border-style:none;border-radius:10px 10px 10px 10px;padding:12px 12px 12px 12px;}.elementor-630 .elementor-element.elementor-element-57950dac .elementor-button:hover, .elementor-630 .elementor-element.elementor-element-57950dac .elementor-button:focus{color:#FF0000;background-color:#FFFFFF;border-color:#3D43B7;box-shadow:0px 0px 10px 0px rgba(0,0,0,0.5);}.elementor-630 .elementor-element.elementor-element-57950dac .elementor-button:hover svg, .elementor-630 .elementor-element.elementor-element-57950dac .elementor-button:focus svg{fill:#FF0000;}.elementor-630 .elementor-element.elementor-element-57950dac{margin:0px 0px calc(var(--kit-widget-spacing, 0px) + 0px) 0px;}@media(max-width:1024px){.elementor-widget-button .elementor-button{font-size:var( --e-global-typography-accent-font-size );line-height:var( --e-global-typography-accent-line-height );letter-spacing:var( --e-global-typography-accent-letter-spacing );}}@media(max-width:767px){.elementor-widget-button .elementor-button{font-size:var( --e-global-typography-accent-font-size );line-height:var( --e-global-typography-accent-line-height );letter-spacing:var( --e-global-typography-accent-letter-spacing );}}<\/style>\t\t<div data-elementor-type=\"container\" data-elementor-id=\"630\" class=\"elementor elementor-630\">\n\t\t\t\t<div class=\"elementor-element elementor-element-13505c19 e-con-full e-flex e-con e-child\" data-id=\"13505c19\" data-element_type=\"container\" data-e-type=\"container\">\n\t\t\t\t<div class=\"elementor-element elementor-element-57950dac elementor-align-center elementor-mobile-align-center elementor-widget elementor-widget-button\" data-id=\"57950dac\" data-element_type=\"widget\" data-e-type=\"widget\" data-widget_type=\"button.default\">\n\t\t\t\t\t\t\t\t\t\t<a class=\"elementor-button elementor-button-link elementor-size-sm\" href=\"https:\/\/aprovasite.com.br\/vitamov\/manuais\/catalogo-2026.pdf\" target=\"_blank\">\n\t\t\t\t\t\t<span class=\"elementor-button-content-wrapper\">\n\t\t\t\t\t\t\t\t\t<span class=\"elementor-button-text\">cat\u00e1logo virtual<\/span>\n\t\t\t\t\t<\/span>\n\t\t\t\t\t<\/a>\n\t\t\t\t\t\t\t\t<\/div>\n\t\t\t\t<\/div>\n\t\t\t\t<\/div>\n\t\t<span class=\"wpr-template-edit-btn\" data-permalink=\"https:\/\/aprovasite.com.br\/vitamov\/?elementor_library=link-catalogo\">Edit Template<\/span>\t\t\t\t<\/div>\n\t\t\t\t<\/div>\n\t\t\t\t<\/div>\n\t\t\t\t\t<\/div>\n\t\t\t\t<\/div>\n\t\t\t\t<\/div>\n\t\t","protected":false},"excerpt":{"rendered":"<p>Grade de Prote\u00e7\u00e3o Grade de Prote\u00e7\u00e3o FICHA T\u00c9CNICA Larg.: 900MM Prof.: 390MM Alt.: 15MM Cubagem: 0,0079m\u00b3 Volumes: 01 informa\u00e7\u00f5es Grade com acabamento soft (arredondado), projetada para maior seguran\u00e7a e prote\u00e7\u00e3o. OP\u00c7\u00d5ES DE CORES Branco 0201310 NOSSOS DOWNLOADS cat\u00e1logo virtual Edit Template<\/p>\n","protected":false},"author":2,"featured_media":0,"parent":0,"menu_order":0,"comment_status":"closed","ping_status":"closed","template":"","meta":{"footnotes":""},"class_list":["post-1567","page","type-page","status-publish","hentry"],"_links":{"self":[{"href":"https:\/\/aprovasite.com.br\/vitamov\/wp-json\/wp\/v2\/pages\/1567","targetHints":{"allow":["GET"]}}],"collection":[{"href":"https:\/\/aprovasite.com.br\/vitamov\/wp-json\/wp\/v2\/pages"}],"about":[{"href":"https:\/\/aprovasite.com.br\/vitamov\/wp-json\/wp\/v2\/types\/page"}],"author":[{"embeddable":true,"href":"https:\/\/aprovasite.com.br\/vitamov\/wp-json\/wp\/v2\/users\/2"}],"replies":[{"embeddable":true,"href":"https:\/\/aprovasite.com.br\/vitamov\/wp-json\/wp\/v2\/comments?post=1567"}],"version-history":[{"count":16,"href":"https:\/\/aprovasite.com.br\/vitamov\/wp-json\/wp\/v2\/pages\/1567\/revisions"}],"predecessor-version":[{"id":2306,"href":"https:\/\/aprovasite.com.br\/vitamov\/wp-json\/wp\/v2\/pages\/1567\/revisions\/2306"}],"wp:attachment":[{"href":"https:\/\/aprovasite.com.br\/vitamov\/wp-json\/wp\/v2\/media?parent=1567"}],"curies":[{"name":"wp","href":"https:\/\/api.w.org\/{rel}","templated":true}]}}