{"id":142,"date":"2026-02-06T15:32:25","date_gmt":"2026-02-06T18:32:25","guid":{"rendered":"https:\/\/aprovasite.com.br\/vitamov\/?page_id=142"},"modified":"2026-03-12T17:07:39","modified_gmt":"2026-03-12T20:07:39","slug":"empresa","status":"publish","type":"page","link":"https:\/\/aprovasite.com.br\/vitamov\/empresa\/","title":{"rendered":"Empresa"},"content":{"rendered":"\t\t<div data-elementor-type=\"wp-page\" data-elementor-id=\"142\" class=\"elementor elementor-142\">\n\t\t\t\t<div class=\"elementor-element elementor-element-eadf452 e-con-full e-flex e-con e-parent\" data-id=\"eadf452\" data-element_type=\"container\" data-e-type=\"container\">\n\t\t\t\t<div class=\"elementor-element elementor-element-11d56eb elementor-widget elementor-widget-image\" data-id=\"11d56eb\" data-element_type=\"widget\" data-e-type=\"widget\" data-widget_type=\"image.default\">\n\t\t\t\t\t\t\t\t\t\t\t\t\t\t\t<img fetchpriority=\"high\" decoding=\"async\" width=\"800\" height=\"200\" src=\"https:\/\/aprovasite.com.br\/vitamov\/wp-content\/uploads\/2026\/02\/vitamov-faixa-1024x256.jpeg\" class=\"attachment-large size-large wp-image-149\" alt=\"\" srcset=\"https:\/\/aprovasite.com.br\/vitamov\/wp-content\/uploads\/2026\/02\/vitamov-faixa-1024x256.jpeg 1024w, https:\/\/aprovasite.com.br\/vitamov\/wp-content\/uploads\/2026\/02\/vitamov-faixa-300x75.jpeg 300w, https:\/\/aprovasite.com.br\/vitamov\/wp-content\/uploads\/2026\/02\/vitamov-faixa-768x192.jpeg 768w, https:\/\/aprovasite.com.br\/vitamov\/wp-content\/uploads\/2026\/02\/vitamov-faixa-1536x384.jpeg 1536w, https:\/\/aprovasite.com.br\/vitamov\/wp-content\/uploads\/2026\/02\/vitamov-faixa-2048x512.jpeg 2048w\" sizes=\"(max-width: 800px) 100vw, 800px\" \/>\t\t\t\t\t\t\t\t\t\t\t\t\t\t\t<\/div>\n\t\t\t\t<\/div>\n\t\t<div class=\"elementor-element elementor-element-d816b4b e-flex e-con-boxed e-con e-parent\" data-id=\"d816b4b\" data-element_type=\"container\" data-e-type=\"container\">\n\t\t\t\t\t<div class=\"e-con-inner\">\n\t\t\t\t<div class=\"elementor-element elementor-element-8ca430c elementor-widget elementor-widget-heading\" data-id=\"8ca430c\" data-element_type=\"widget\" data-e-type=\"widget\" data-widget_type=\"heading.default\">\n\t\t\t\t\t<h2 class=\"elementor-heading-title elementor-size-default\">NOSSA HIST\u00d3RIA<\/h2>\t\t\t\t<\/div>\n\t\t\t\t<div class=\"elementor-element elementor-element-98e2501 elementor-widget elementor-widget-text-editor\" data-id=\"98e2501\" data-element_type=\"widget\" data-e-type=\"widget\" data-widget_type=\"text-editor.default\">\n\t\t\t\t\t\t\t\t\t<p>Em janeiro de 1997, a Vitamov deu in\u00edcio no mercado moveleiro. Desde ent\u00e3o, a empresa se consolidou como uma ind\u00fastria refer\u00eancia na fabrica\u00e7\u00e3o de m\u00f3veis em madeira. <br \/>Com o compromisso de evoluir e atuar de forma respons\u00e1vel, adotamos, a partir de 2005, o uso do MDF e MDP &#8211; uma decis\u00e3o alinhada \u00e0 seguran\u00e7a ambiental, \u00e0 sustentabilidade e \u00e0s novas demandas do setor. <br \/>Ao longo desses anos, constru\u00edmos credibilidade junto aos nossos clientes, tornando nossa marca sin\u00f4nimo de confian\u00e7a e comprometimento.<\/p><p>Localizada em Valentim Gentil\/SP, a Vitamov conta com uma estrutura moderna e processos produtivos alinhados \u00e0s mais recentes tecnologias do setor. Investimos constantemente em inova\u00e7\u00e3o para garantir precis\u00e3o, efici\u00eancia e excel\u00eancia em cada etapa de produ\u00e7\u00e3o. <br \/>Esse cuidado resulta em m\u00f3veis que atendem \u00e0s necessidades do mercado e agregam valor ao portf\u00f3lio de nossos parceiros.<\/p><p>Mais do que produzir m\u00f3veis, buscamos fortalecer rela\u00e7\u00f5es. <br \/>A Vitamov acredita no trabalho conjunto com lojistas, oferecendo produtos competitivos, de grande aceita\u00e7\u00e3o e com alto padr\u00e3o de qualidade, sempre priorizando durabilidade, acabamento de alta performance UV. <br \/>Esse compromisso \u00e9 a base do nosso crescimento e da nossa presen\u00e7a cont\u00ednua no mercado nacional.<\/p>\t\t\t\t\t\t\t\t<\/div>\n\t\t\t\t\t<\/div>\n\t\t\t\t<\/div>\n\t\t<div class=\"elementor-element elementor-element-9cbb259 e-grid e-con-boxed e-con e-parent\" data-id=\"9cbb259\" data-element_type=\"container\" data-e-type=\"container\">\n\t\t\t\t\t<div class=\"e-con-inner\">\n\t\t\t\t<div class=\"elementor-element elementor-element-7ab782b elementor-view-default elementor-position-block-start elementor-mobile-position-block-start elementor-widget elementor-widget-icon-box\" data-id=\"7ab782b\" data-element_type=\"widget\" data-e-type=\"widget\" data-widget_type=\"icon-box.default\">\n\t\t\t\t\t\t\t<div class=\"elementor-icon-box-wrapper\">\n\n\t\t\t\t\t\t<div class=\"elementor-icon-box-icon\">\n\t\t\t\t<span  class=\"elementor-icon\">\n\t\t\t\t<svg class=\"ekit-svg-icon icon-target-2\" viewBox=\"0 0 32 32\" xmlns=\"http:\/\/www.w3.org\/2000\/svg\"><path d=\"M16.063 11.15c0.441 0 0.819-0.378 0.819-0.819s-0.378-0.819-0.819-0.819c-3.528 0-6.362 2.835-6.362 6.362s2.835 6.362 6.362 6.362c3.528 0 6.362-2.835 6.362-6.362 0-0.441-0.378-0.819-0.819-0.819s-0.819 0.378-0.819 0.819c0 2.646-2.142 4.787-4.787 4.787s-4.787-2.142-4.787-4.787c0.063-2.583 2.205-4.724 4.85-4.724z\"><\/path><path d=\"M31.244 11.213c-0.126-0.441-0.567-0.63-1.008-0.504-0.378 0.126-0.63 0.567-0.504 1.008 2.394 7.559-1.827 15.685-9.449 18.016-7.559 2.394-15.685-1.827-18.016-9.449-2.394-7.559 1.827-15.685 9.449-18.016 2.835-0.882 5.795-0.882 8.63 0 0.441 0.126 0.882-0.126 1.008-0.504 0.063-0.441-0.189-0.882-0.567-1.008-8.441-2.646-17.386 2.016-20.032 10.457-2.646 8.378 2.016 17.386 10.457 20.032s17.386-2.016 20.032-10.457c0.945-3.15 0.945-6.488 0-9.575z\"><\/path><path d=\"M17.575 5.669c0-0.441-0.315-0.819-0.819-0.882-0.252 0-0.504-0.063-0.693-0.063-6.173 0-11.15 4.976-11.15 11.15s4.976 11.15 11.15 11.15c6.173 0 11.15-4.976 11.15-11.15 0-0.315 0-0.567-0.063-0.882-0.063-0.441-0.441-0.756-0.882-0.693s-0.756 0.441-0.693 0.882c0 0 0 0.063 0 0.063 0 0.189 0.063 0.378 0.063 0.567 0 5.291-4.283 9.575-9.575 9.575s-9.575-4.283-9.575-9.575 4.283-9.575 9.575-9.575v0c0.189 0 0.378 0 0.567 0.063h0.126c0.441 0.126 0.756-0.189 0.819-0.63 0 0 0 0 0 0z\"><\/path><path d=\"M20.787 7.181v2.835l-5.354 5.354c-0.315 0.315-0.315 0.819 0 1.134s0.819 0.315 1.134 0c0 0 0 0 0 0l5.354-5.354h2.835c0.189 0 0.441-0.063 0.567-0.252l4.787-4.787c0.315-0.315 0.315-0.819 0-1.134-0.126-0.126-0.378-0.252-0.567-0.252h-2.394v-2.331c0-0.441-0.378-0.819-0.819-0.819-0.189 0-0.441 0.063-0.567 0.252l-4.787 4.787c-0.063 0.126-0.189 0.315-0.189 0.567zM22.425 7.496l3.213-3.213v1.26c0 0.441 0.378 0.819 0.819 0.819h1.26l-3.213 3.213h-2.079v-2.079z\"><\/path><\/svg>\t\t\t\t<\/span>\n\t\t\t<\/div>\n\t\t\t\n\t\t\t\t\t\t<div class=\"elementor-icon-box-content\">\n\n\t\t\t\t\t\t\t\t\t<h3 class=\"elementor-icon-box-title\">\n\t\t\t\t\t\t<span  >\n\t\t\t\t\t\t\tMISS\u00c3O\t\t\t\t\t\t<\/span>\n\t\t\t\t\t<\/h3>\n\t\t\t\t\n\t\t\t\t\t\t\t\t\t<p class=\"elementor-icon-box-description\">\n\t\t\t\t\t\tProduzir m\u00f3veis com alto padr\u00e3o de qualidade, unindo tecnologia, efici\u00eancia produtiva e pre\u00e7o competitivo. Atuar de forma respons\u00e1vel, gerando empregos, fortalecendo parcerias com lojistas e inovando continuamente para oferecer solu\u00e7\u00f5es que atendam \u00e0s exig\u00eancias do mercado moveleiro nacional.\t\t\t\t\t<\/p>\n\t\t\t\t\n\t\t\t<\/div>\n\t\t\t\n\t\t<\/div>\n\t\t\t\t\t\t<\/div>\n\t\t\t\t<div class=\"elementor-element elementor-element-4cf385e elementor-view-default elementor-position-block-start elementor-mobile-position-block-start elementor-widget elementor-widget-icon-box\" data-id=\"4cf385e\" data-element_type=\"widget\" data-e-type=\"widget\" data-widget_type=\"icon-box.default\">\n\t\t\t\t\t\t\t<div class=\"elementor-icon-box-wrapper\">\n\n\t\t\t\t\t\t<div class=\"elementor-icon-box-icon\">\n\t\t\t\t<span  class=\"elementor-icon\">\n\t\t\t\t<svg class=\"ekit-svg-icon icon-eye3\" viewBox=\"0 0 29 32\" xmlns=\"http:\/\/www.w3.org\/2000\/svg\"><path d=\"M10.645 13.514c0.319 0 0.637-0.255 0.637-0.637 0-0.319-0.255-0.637-0.637-0.637-0.319 0-0.637 0.255-0.637 0.637 0.064 0.319 0.319 0.637 0.637 0.637z\"><\/path><path d=\"M14.406 5.418c0.319 0 0.637-0.255 0.637-0.637v-4.143c0-0.319-0.255-0.637-0.637-0.637s-0.637 0.255-0.637 0.637v4.143c0 0.319 0.319 0.637 0.637 0.637z\"><\/path><path d=\"M13.769 27.219v4.143c0 0.319 0.255 0.637 0.637 0.637s0.637-0.255 0.637-0.637v-4.143c0-0.319-0.255-0.637-0.637-0.637s-0.637 0.319-0.637 0.637z\"><\/path><path d=\"M4.781 8.478c0.255 0.255 0.637 0.255 0.892 0s0.255-0.637 0-0.892l-2.677-2.677c-0.255-0.255-0.637-0.255-0.892 0s-0.255 0.637 0 0.892l2.677 2.677z\"><\/path><path d=\"M23.139 24.096c-0.255 0.255-0.255 0.637 0 0.892l2.677 2.677c0.255 0.255 0.637 0.255 0.892 0s0.255-0.637 0-0.892l-2.677-2.677c-0.255-0.191-0.637-0.191-0.892 0z\"><\/path><path d=\"M24.032 8.478l2.677-2.677c0.255-0.255 0.255-0.637 0-0.892s-0.637-0.255-0.892 0l-2.677 2.677c-0.255 0.255-0.255 0.637 0 0.892s0.637 0.255 0.892 0z\"><\/path><path d=\"M4.781 24.096l-2.677 2.677c-0.255 0.255-0.255 0.637 0 0.892s0.637 0.255 0.892 0l2.677-2.677c0.255-0.255 0.255-0.637 0-0.892-0.255-0.191-0.637-0.191-0.892 0z\"><\/path><path d=\"M4.016 20.526c3.251 2.741 6.821 4.207 10.39 4.207 3.506 0 7.139-1.466 10.39-4.207 2.422-2.040 3.825-4.080 3.888-4.207 0.128-0.191 0.128-0.51 0-0.701-0.064-0.064-1.466-2.104-3.888-4.207-3.251-2.741-6.821-4.207-10.39-4.207-3.506 0-7.139 1.466-10.39 4.207-2.422 2.040-3.825 4.080-3.888 4.207-0.128 0.191-0.128 0.51 0 0.701 0.128 0.128 1.466 2.167 3.888 4.207zM4.845 12.43c2.104-1.785 5.482-3.888 9.562-3.888s7.458 2.104 9.562 3.888c1.721 1.466 2.932 2.932 3.442 3.57-0.51 0.637-1.657 2.104-3.378 3.57-2.104 1.785-5.482 3.888-9.562 3.888s-7.458-2.104-9.562-3.888c-1.721-1.466-2.932-2.932-3.442-3.57 0.446-0.637 1.657-2.104 3.379-3.57z\"><\/path><path d=\"M14.406 21.61c3.123 0 5.61-2.55 5.61-5.61 0-3.123-2.486-5.61-5.61-5.61-0.637 0-1.339 0.127-2.040 0.382-0.319 0.127-0.51 0.51-0.382 0.829s0.446 0.51 0.892 0.319 1.020-0.255 1.466-0.255c2.422 0 4.335 1.976 4.335 4.335 0 2.422-1.976 4.335-4.335 4.335-2.422 0-4.335-1.976-4.335-4.335 0-0.319 0-0.51 0.064-0.765 0.064-0.319-0.127-0.637-0.51-0.701-0.319-0.064-0.637 0.191-0.701 0.51s-0.064 0.701-0.064 1.020c0 3.060 2.486 5.546 5.61 5.546z\"><\/path><path d=\"M16.892 16c0-1.402-1.147-2.486-2.486-2.486s-2.486 1.147-2.486 2.486 1.147 2.486 2.486 2.486c1.275 0 2.486-1.084 2.486-2.486zM13.131 16c0-0.701 0.574-1.275 1.275-1.275s1.275 0.574 1.275 1.275-0.574 1.275-1.275 1.275-1.275-0.574-1.275-1.275z\"><\/path><\/svg>\t\t\t\t<\/span>\n\t\t\t<\/div>\n\t\t\t\n\t\t\t\t\t\t<div class=\"elementor-icon-box-content\">\n\n\t\t\t\t\t\t\t\t\t<h3 class=\"elementor-icon-box-title\">\n\t\t\t\t\t\t<span  >\n\t\t\t\t\t\t\tVIS\u00c3O\t\t\t\t\t\t<\/span>\n\t\t\t\t\t<\/h3>\n\t\t\t\t\n\t\t\t\t\t\t\t\t\t<p class=\"elementor-icon-box-description\">\n\t\t\t\t\t\tAmpliar constantemente nossa presen\u00e7a em todas as regi\u00f5es do Brasil, consolidando a Vitamov como uma ind\u00fastria reconhecida pela organiza\u00e7\u00e3o, confiabilidade, qualidade de seus produtos e pela inova\u00e7\u00e3o aplicada aos processos de fabrica\u00e7\u00e3o.\t\t\t\t\t<\/p>\n\t\t\t\t\n\t\t\t<\/div>\n\t\t\t\n\t\t<\/div>\n\t\t\t\t\t\t<\/div>\n\t\t\t\t<div class=\"elementor-element elementor-element-44012f6 elementor-view-default elementor-position-block-start elementor-mobile-position-block-start elementor-widget elementor-widget-icon-box\" data-id=\"44012f6\" data-element_type=\"widget\" data-e-type=\"widget\" data-widget_type=\"icon-box.default\">\n\t\t\t\t\t\t\t<div class=\"elementor-icon-box-wrapper\">\n\n\t\t\t\t\t\t<div class=\"elementor-icon-box-icon\">\n\t\t\t\t<span  class=\"elementor-icon\">\n\t\t\t\t<svg class=\"ekit-svg-icon icon-diamond\" viewBox=\"0 0 26 32\" xmlns=\"http:\/\/www.w3.org\/2000\/svg\"><path d=\"M20.95 2.108c-0.319-0.192-0.703-0.064-0.83 0.256-0.192 0.319-0.064 0.703 0.256 0.83 0.319 0.192 0.703 0.064 0.83-0.256 0.128-0.256 0.064-0.639-0.256-0.83z\"><\/path><path d=\"M13.158 0c-0.319 0-0.639 0.256-0.639 0.639s0.255 0.639 0.639 0.639c0.319 0 0.639-0.256 0.639-0.639s-0.319-0.639-0.639-0.639z\"><\/path><path d=\"M13.158 16.671c-0.319 0-0.639 0.256-0.639 0.639 0 0.319 0.255 0.639 0.639 0.639 0.319 0 0.639-0.256 0.639-0.639s-0.319-0.639-0.639-0.639z\"><\/path><path d=\"M6.196 2.299c-0.192-0.256-0.575-0.383-0.894-0.192-0.255 0.192-0.383 0.575-0.192 0.83 0.128 0.319 0.511 0.383 0.83 0.256 0.319-0.192 0.383-0.575 0.255-0.894z\"><\/path><path d=\"M13.158 2.491c-0.319 0-0.639 0.256-0.639 0.639v2.491c0 0.319 0.255 0.639 0.639 0.639s0.639-0.255 0.639-0.639v-2.491c0-0.319-0.319-0.639-0.639-0.639z\"><\/path><path d=\"M8.687 6.643l-1.277-2.172c-0.192-0.319-0.575-0.383-0.83-0.255-0.319 0.192-0.383 0.575-0.255 0.894l1.277 2.172c0.128 0.192 0.319 0.319 0.511 0.319 0.128 0 0.192 0 0.319-0.064 0.319-0.192 0.447-0.575 0.255-0.894z\"><\/path><path d=\"M19.737 4.279c-0.319-0.192-0.703-0.064-0.83 0.255l-1.277 2.172c-0.192 0.319-0.064 0.703 0.256 0.83 0.128 0.064 0.192 0.064 0.319 0.064 0.192 0 0.447-0.128 0.511-0.319l1.277-2.172c0.128-0.319 0-0.703-0.256-0.83z\"><\/path><path d=\"M26.252 17.245c0 0 0 0 0 0s0 0 0 0c0-0.064 0-0.064 0 0 0-0.064 0-0.064 0-0.064s0 0 0 0 0 0 0 0 0 0 0 0 0 0 0 0 0 0 0 0 0 0 0 0 0 0 0 0 0 0 0 0 0 0 0 0 0 0 0 0 0 0 0 0 0 0 0 0l-3.768-6.643c0 0 0 0 0 0s0-0.064-0.064-0.064c0 0 0 0 0 0-0.064-0.255-0.064-0.255-0.064-0.255s0 0 0 0-0.064-0.064-0.064-0.064c0 0 0 0 0 0s0 0-0.064-0.064c0 0 0 0 0 0s-0.064 0-0.064-0.064c0 0 0 0 0 0s0 0 0 0-0.064 0-0.064 0c0 0 0 0 0 0s-0.064 0-0.064 0c0 0 0 0 0 0s-0.064 0-0.064 0c0 0 0 0 0 0v0c0 0 0 0 0 0h-17.565c0 0-0.064 0-0.064 0s0 0 0 0-0.064 0-0.064 0c0 0 0 0 0 0s-0.064 0-0.064 0c0 0 0 0 0 0s0 0 0 0-0.064 0-0.064 0.064c0 0 0 0 0 0s-0.064 0-0.064 0.064c0 0 0 0 0 0s-0.064 0-0.064 0.064c0 0 0 0 0 0s-0.064 0.064-0.064 0.064c0 0 0 0 0 0s0 0.064-0.064 0.064c0 0 0 0 0 0l-3.832 6.579c0 0 0 0 0 0v0c0 0 0 0 0 0s0 0 0 0 0 0 0 0 0 0 0 0 0 0 0 0 0 0 0 0 0 0 0 0 0 0 0 0 0 0 0 0 0 0 0 0 0 0 0 0 0 0 0 0 0 0 0 0 0 0 0 0 0 0 0 0 0 0 0 0 0 0 0 0 0 0 0 0 0 0 0 0 0 0 0 0 0 0 0 0 0 0 0 0 0 0 0 0 0 0 0 0 0 0 0 0 0 0 0 0 0 0 0 0 0 0 0 0 0 0 0 0 0 0 0 0 0 0 0 0 0 0 0 0 0 0 0 0 0 0 0 0 0 0 0 0 0 0 0 0 0 0 0 0 0 0 0 0 0 0 0 0 0 0 0 0l12.711 14.882c0 0 0 0.064 0.064 0.064 0 0 0 0 0 0s0.064 0 0.064 0.064c0 0 0 0 0 0s0.064 0 0.064 0c0 0 0 0 0 0s0.064 0 0.064 0c0 0 0 0 0 0s0.064 0 0.064 0c0 0 0 0 0 0s0.064 0 0.064 0c0 0 0 0 0 0s0.064 0 0.064 0c0 0 0 0 0 0s0.064 0 0.064 0c0 0 0 0 0 0s0.064 0 0.064 0c0 0 0 0 0 0s0.064 0 0.064-0.064c0 0 0 0 0 0s0.064 0 0.064-0.064c0 0 0 0 0 0s0.064-0.064 0.064-0.064l12.455-14.116c0 0 0 0 0 0s0 0 0 0 0 0 0 0 0 0 0 0 0 0 0 0 0 0 0 0 0 0 0 0 0 0 0 0 0 0 0 0 0 0 0 0 0 0 0 0 0 0 0 0 0 0 0 0 0 0 0 0 0 0 0 0 0 0 0 0 0 0 0 0 0 0 0 0 0 0 0 0c0.256-0.319 0.256-0.319 0.256-0.383 0 0.064 0 0.064 0 0 0 0.064 0 0.064 0 0 0 0 0 0 0 0s0 0 0 0zM20.95 11.242l-2.044 4.854-4.407-4.854h6.451zM11.752 11.242l-4.343 4.854-2.044-4.854h6.387zM4.279 12.072l1.98 4.599h-4.535l2.555-4.599zM2.044 17.884h4.79l4.343 10.22-9.134-10.22zM13.222 29.764l-5.046-11.88h2.491c0.319 0 0.639-0.256 0.639-0.639s-0.255-0.639-0.639-0.639h-2.044l4.535-5.046 4.599 5.046h-2.108c-0.319 0-0.639 0.256-0.639 0.639s0.255 0.639 0.639 0.639h2.555l-4.982 11.88zM15.265 28.104l4.279-10.22h4.727l-9.006 10.22zM20.056 16.671l1.916-4.599 2.619 4.599h-4.535z\"><\/path><\/svg>\t\t\t\t<\/span>\n\t\t\t<\/div>\n\t\t\t\n\t\t\t\t\t\t<div class=\"elementor-icon-box-content\">\n\n\t\t\t\t\t\t\t\t\t<h3 class=\"elementor-icon-box-title\">\n\t\t\t\t\t\t<span  >\n\t\t\t\t\t\t\tVALORES\t\t\t\t\t\t<\/span>\n\t\t\t\t\t<\/h3>\n\t\t\t\t\n\t\t\t\t\t\t\t\t\t<p class=\"elementor-icon-box-description\">\n\t\t\t\t\t\tA Vitamov baseia suas a\u00e7\u00f5es na qualidade em cada etapa do processo produtivo, na transpar\u00eancia e no respeito nas rela\u00e7\u00f5es comerciais, na valoriza\u00e7\u00e3o das pessoas que constroem nossa hist\u00f3ria e no compromisso com a sustentabilidade e a responsabilidade ambiental.\t\t\t\t\t<\/p>\n\t\t\t\t\n\t\t\t<\/div>\n\t\t\t\n\t\t<\/div>\n\t\t\t\t\t\t<\/div>\n\t\t\t\t\t<\/div>\n\t\t\t\t<\/div>\n\t\t\t\t<\/div>\n\t\t","protected":false},"excerpt":{"rendered":"<p>NOSSA HIST\u00d3RIA Em janeiro de 1997, a Vitamov deu in\u00edcio no mercado moveleiro. Desde ent\u00e3o, a empresa se consolidou como uma ind\u00fastria refer\u00eancia na fabrica\u00e7\u00e3o de m\u00f3veis em madeira. Com o compromisso de evoluir e atuar de forma respons\u00e1vel, adotamos, a partir de 2005, o uso do MDF e MDP &#8211; uma decis\u00e3o alinhada \u00e0 seguran\u00e7a ambiental, \u00e0 sustentabilidade e \u00e0s novas demandas do setor. Ao longo desses anos, constru\u00edmos credibilidade junto aos nossos clientes, tornando nossa marca sin\u00f4nimo de confian\u00e7a e comprometimento. Localizada em Valentim Gentil\/SP, a Vitamov conta com uma estrutura moderna e processos produtivos alinhados \u00e0s mais recentes tecnologias do setor. Investimos constantemente em inova\u00e7\u00e3o para garantir precis\u00e3o, efici\u00eancia e excel\u00eancia em cada etapa de produ\u00e7\u00e3o. Esse cuidado resulta em m\u00f3veis que atendem \u00e0s necessidades do mercado e agregam valor ao portf\u00f3lio de nossos parceiros. Mais do que produzir m\u00f3veis, buscamos fortalecer rela\u00e7\u00f5es. A Vitamov acredita no trabalho conjunto com lojistas, oferecendo produtos competitivos, de grande aceita\u00e7\u00e3o e com alto padr\u00e3o de qualidade, sempre priorizando durabilidade, acabamento de alta performance UV. Esse compromisso \u00e9 a base do nosso crescimento e da nossa presen\u00e7a cont\u00ednua no mercado nacional. MISS\u00c3O Produzir m\u00f3veis com alto padr\u00e3o de qualidade, unindo tecnologia, efici\u00eancia produtiva e pre\u00e7o competitivo. Atuar de forma respons\u00e1vel, gerando empregos, fortalecendo parcerias com lojistas e inovando continuamente para oferecer solu\u00e7\u00f5es que atendam \u00e0s exig\u00eancias do mercado moveleiro nacional. VIS\u00c3O Ampliar constantemente nossa presen\u00e7a em todas as regi\u00f5es do Brasil, consolidando a Vitamov como uma ind\u00fastria reconhecida pela organiza\u00e7\u00e3o, confiabilidade, qualidade de seus produtos e pela inova\u00e7\u00e3o aplicada aos processos de fabrica\u00e7\u00e3o. VALORES A Vitamov baseia suas a\u00e7\u00f5es na qualidade em cada etapa do processo produtivo, na transpar\u00eancia e no respeito nas rela\u00e7\u00f5es comerciais, na valoriza\u00e7\u00e3o das pessoas que constroem nossa hist\u00f3ria e no compromisso com a sustentabilidade e a responsabilidade ambiental.<\/p>\n","protected":false},"author":2,"featured_media":0,"parent":0,"menu_order":0,"comment_status":"closed","ping_status":"closed","template":"","meta":{"footnotes":""},"class_list":["post-142","page","type-page","status-publish","hentry"],"_links":{"self":[{"href":"https:\/\/aprovasite.com.br\/vitamov\/wp-json\/wp\/v2\/pages\/142","targetHints":{"allow":["GET"]}}],"collection":[{"href":"https:\/\/aprovasite.com.br\/vitamov\/wp-json\/wp\/v2\/pages"}],"about":[{"href":"https:\/\/aprovasite.com.br\/vitamov\/wp-json\/wp\/v2\/types\/page"}],"author":[{"embeddable":true,"href":"https:\/\/aprovasite.com.br\/vitamov\/wp-json\/wp\/v2\/users\/2"}],"replies":[{"embeddable":true,"href":"https:\/\/aprovasite.com.br\/vitamov\/wp-json\/wp\/v2\/comments?post=142"}],"version-history":[{"count":31,"href":"https:\/\/aprovasite.com.br\/vitamov\/wp-json\/wp\/v2\/pages\/142\/revisions"}],"predecessor-version":[{"id":1902,"href":"https:\/\/aprovasite.com.br\/vitamov\/wp-json\/wp\/v2\/pages\/142\/revisions\/1902"}],"wp:attachment":[{"href":"https:\/\/aprovasite.com.br\/vitamov\/wp-json\/wp\/v2\/media?parent=142"}],"curies":[{"name":"wp","href":"https:\/\/api.w.org\/{rel}","templated":true}]}}