{"id":1419,"date":"2026-03-06T13:40:55","date_gmt":"2026-03-06T16:40:55","guid":{"rendered":"https:\/\/aprovasite.com.br\/vitamov\/?page_id=1419"},"modified":"2026-03-16T16:38:29","modified_gmt":"2026-03-16T19:38:29","slug":"cama-dobravel","status":"publish","type":"page","link":"https:\/\/aprovasite.com.br\/vitamov\/cama-dobravel\/","title":{"rendered":"Cama Dobr\u00e1vel"},"content":{"rendered":"\t\t<div data-elementor-type=\"wp-page\" data-elementor-id=\"1419\" class=\"elementor elementor-1419\">\n\t\t\t\t<div class=\"elementor-element elementor-element-dc54758 e-flex e-con-boxed e-con e-parent\" data-id=\"dc54758\" data-element_type=\"container\" data-e-type=\"container\" data-settings=\"{&quot;background_background&quot;:&quot;classic&quot;}\">\n\t\t\t\t\t<div class=\"e-con-inner\">\n\t\t<div class=\"elementor-element elementor-element-596463e e-con-full e-flex e-con e-child\" data-id=\"596463e\" data-element_type=\"container\" data-e-type=\"container\">\n\t\t<div class=\"elementor-element elementor-element-4b2cf46 e-flex e-con-boxed e-con e-child\" data-id=\"4b2cf46\" data-element_type=\"container\" data-e-type=\"container\">\n\t\t\t\t\t<div class=\"e-con-inner\">\n\t\t\t\t<div class=\"elementor-element elementor-element-c8f81c5 elementor-widget__width-initial elementor-widget-divider--view-line elementor-widget elementor-widget-divider\" data-id=\"c8f81c5\" data-element_type=\"widget\" data-e-type=\"widget\" data-widget_type=\"divider.default\">\n\t\t\t\t\t\t\t<div class=\"elementor-divider\">\n\t\t\t<span class=\"elementor-divider-separator\">\n\t\t\t\t\t\t<\/span>\n\t\t<\/div>\n\t\t\t\t\t\t<\/div>\n\t\t\t\t<div class=\"elementor-element elementor-element-cc93246 elementor-widget__width-initial elementor-widget-divider--view-line elementor-widget elementor-widget-divider\" data-id=\"cc93246\" data-element_type=\"widget\" data-e-type=\"widget\" data-widget_type=\"divider.default\">\n\t\t\t\t\t\t\t<div class=\"elementor-divider\">\n\t\t\t<span class=\"elementor-divider-separator\">\n\t\t\t\t\t\t<\/span>\n\t\t<\/div>\n\t\t\t\t\t\t<\/div>\n\t\t\t\t\t<\/div>\n\t\t\t\t<\/div>\n\t\t\t\t<div class=\"elementor-element elementor-element-d21e114 elementor-widget elementor-widget-heading\" data-id=\"d21e114\" data-element_type=\"widget\" data-e-type=\"widget\" data-widget_type=\"heading.default\">\n\t\t\t\t\t<h2 class=\"elementor-heading-title elementor-size-default\">cama dobr\u00e1vel<\/h2>\t\t\t\t<\/div>\n\t\t<div class=\"elementor-element elementor-element-3e6bfba e-con-full e-flex e-con e-child\" data-id=\"3e6bfba\" data-element_type=\"container\" data-e-type=\"container\">\n\t\t\t\t<div class=\"elementor-element elementor-element-037f358 elementor-widget__width-initial elementor-widget-divider--view-line elementor-widget elementor-widget-divider\" data-id=\"037f358\" data-element_type=\"widget\" data-e-type=\"widget\" data-widget_type=\"divider.default\">\n\t\t\t\t\t\t\t<div class=\"elementor-divider\">\n\t\t\t<span class=\"elementor-divider-separator\">\n\t\t\t\t\t\t<\/span>\n\t\t<\/div>\n\t\t\t\t\t\t<\/div>\n\t\t\t\t<div class=\"elementor-element elementor-element-edd4a19 elementor-widget__width-initial elementor-widget-divider--view-line elementor-widget elementor-widget-divider\" data-id=\"edd4a19\" data-element_type=\"widget\" data-e-type=\"widget\" data-widget_type=\"divider.default\">\n\t\t\t\t\t\t\t<div class=\"elementor-divider\">\n\t\t\t<span class=\"elementor-divider-separator\">\n\t\t\t\t\t\t<\/span>\n\t\t<\/div>\n\t\t\t\t\t\t<\/div>\n\t\t\t\t<\/div>\n\t\t\t\t<\/div>\n\t\t\t\t\t<\/div>\n\t\t\t\t<\/div>\n\t\t<div class=\"elementor-element elementor-element-11c8c57 e-con-full e-flex e-con e-parent\" data-id=\"11c8c57\" data-element_type=\"container\" data-e-type=\"container\">\n\t\t<div class=\"elementor-element elementor-element-a1670a5 e-con-full e-flex e-con e-child\" data-id=\"a1670a5\" data-element_type=\"container\" data-e-type=\"container\">\n\t\t\t\t<div class=\"elementor-element elementor-element-ddfbb8b elementor-widget elementor-widget-image\" data-id=\"ddfbb8b\" data-element_type=\"widget\" data-e-type=\"widget\" data-widget_type=\"image.default\">\n\t\t\t\t\t\t\t\t\t\t\t\t\t\t\t<img fetchpriority=\"high\" decoding=\"async\" width=\"800\" height=\"534\" src=\"https:\/\/aprovasite.com.br\/vitamov\/wp-content\/uploads\/2026\/03\/Dobravel-Branca-0211410-1024x683.jpg\" class=\"attachment-large size-large wp-image-1423\" alt=\"\" srcset=\"https:\/\/aprovasite.com.br\/vitamov\/wp-content\/uploads\/2026\/03\/Dobravel-Branca-0211410-1024x683.jpg 1024w, https:\/\/aprovasite.com.br\/vitamov\/wp-content\/uploads\/2026\/03\/Dobravel-Branca-0211410-300x200.jpg 300w, https:\/\/aprovasite.com.br\/vitamov\/wp-content\/uploads\/2026\/03\/Dobravel-Branca-0211410-768x512.jpg 768w, https:\/\/aprovasite.com.br\/vitamov\/wp-content\/uploads\/2026\/03\/Dobravel-Branca-0211410-1536x1024.jpg 1536w, https:\/\/aprovasite.com.br\/vitamov\/wp-content\/uploads\/2026\/03\/Dobravel-Branca-0211410-2048x1365.jpg 2048w\" sizes=\"(max-width: 800px) 100vw, 800px\" \/>\t\t\t\t\t\t\t\t\t\t\t\t\t\t\t<\/div>\n\t\t\t\t<\/div>\n\t\t\t\t<\/div>\n\t\t<div class=\"elementor-element elementor-element-b1631c1 e-flex e-con-boxed e-con e-parent\" data-id=\"b1631c1\" data-element_type=\"container\" data-e-type=\"container\">\n\t\t\t\t\t<div class=\"e-con-inner\">\n\t\t\t\t<div class=\"elementor-element elementor-element-0de5107 elementor-widget elementor-widget-heading\" data-id=\"0de5107\" data-element_type=\"widget\" data-e-type=\"widget\" data-widget_type=\"heading.default\">\n\t\t\t\t\t<h2 class=\"elementor-heading-title elementor-size-default\">Cama dobr\u00e1vel<\/h2>\t\t\t\t<\/div>\n\t\t<div class=\"elementor-element elementor-element-9dad96d e-con-full e-grid e-con e-child\" data-id=\"9dad96d\" data-element_type=\"container\" data-e-type=\"container\">\n\t\t<div class=\"elementor-element elementor-element-6ebbd5f e-con-full e-flex e-con e-child\" data-id=\"6ebbd5f\" data-element_type=\"container\" data-e-type=\"container\">\n\t\t\t\t<div class=\"elementor-element elementor-element-fbdf8b5 elementor-widget elementor-widget-heading\" data-id=\"fbdf8b5\" data-element_type=\"widget\" data-e-type=\"widget\" data-widget_type=\"heading.default\">\n\t\t\t\t\t<p class=\"elementor-heading-title elementor-size-default\">FICHA T\u00c9CNICA<\/p>\t\t\t\t<\/div>\n\t\t<div class=\"elementor-element elementor-element-14bf7cf e-con-full e-flex e-con e-child\" data-id=\"14bf7cf\" data-element_type=\"container\" data-e-type=\"container\">\n\t\t<div class=\"elementor-element elementor-element-c93cd12 e-con-full e-flex e-con e-child\" data-id=\"c93cd12\" data-element_type=\"container\" data-e-type=\"container\">\n\t\t\t\t<div class=\"elementor-element elementor-element-726251e elementor-widget elementor-widget-heading\" data-id=\"726251e\" data-element_type=\"widget\" data-e-type=\"widget\" data-widget_type=\"heading.default\">\n\t\t\t\t\t<p class=\"elementor-heading-title elementor-size-default\">Larg.: 650MM<\/p>\t\t\t\t<\/div>\n\t\t\t\t<div class=\"elementor-element elementor-element-02d3cd4 elementor-widget elementor-widget-heading\" data-id=\"02d3cd4\" data-element_type=\"widget\" data-e-type=\"widget\" data-widget_type=\"heading.default\">\n\t\t\t\t\t<p class=\"elementor-heading-title elementor-size-default\">Prof.: 1730MM<\/p>\t\t\t\t<\/div>\n\t\t\t\t<div class=\"elementor-element elementor-element-dc4cab7 elementor-widget elementor-widget-heading\" data-id=\"dc4cab7\" data-element_type=\"widget\" data-e-type=\"widget\" data-widget_type=\"heading.default\">\n\t\t\t\t\t<p class=\"elementor-heading-title elementor-size-default\">Esp. Colch\u00e3o.: 50MM<\/p>\t\t\t\t<\/div>\n\t\t\t\t<div class=\"elementor-element elementor-element-156b7a7 elementor-widget elementor-widget-heading\" data-id=\"156b7a7\" data-element_type=\"widget\" data-e-type=\"widget\" data-widget_type=\"heading.default\">\n\t\t\t\t\t<p class=\"elementor-heading-title elementor-size-default\">Cubagem: 0,0117m\u00b3<\/p>\t\t\t\t<\/div>\n\t\t\t\t<div class=\"elementor-element elementor-element-e043a92 elementor-widget elementor-widget-heading\" data-id=\"e043a92\" data-element_type=\"widget\" data-e-type=\"widget\" data-widget_type=\"heading.default\">\n\t\t\t\t\t<p class=\"elementor-heading-title elementor-size-default\">Volumes: 01<\/p>\t\t\t\t<\/div>\n\t\t\t\t<\/div>\n\t\t\t\t<\/div>\n\t\t\t\t<\/div>\n\t\t<div class=\"elementor-element elementor-element-c63b301 e-con-full e-flex e-con e-child\" data-id=\"c63b301\" data-element_type=\"container\" data-e-type=\"container\">\n\t\t\t\t<div class=\"elementor-element elementor-element-af24bae elementor-widget elementor-widget-heading\" data-id=\"af24bae\" data-element_type=\"widget\" data-e-type=\"widget\" data-widget_type=\"heading.default\">\n\t\t\t\t\t<p class=\"elementor-heading-title elementor-size-default\">OP\u00c7\u00d5ES DE CORES<\/p>\t\t\t\t<\/div>\n\t\t<div class=\"elementor-element elementor-element-c4d2cb4 e-con-full e-flex e-con e-child\" data-id=\"c4d2cb4\" data-element_type=\"container\" data-e-type=\"container\">\n\t\t\t\t<div class=\"elementor-element elementor-element-34e5ceb elementor-position-top elementor-widget elementor-widget-image-box\" data-id=\"34e5ceb\" data-element_type=\"widget\" data-e-type=\"widget\" data-widget_type=\"image-box.default\">\n\t\t\t\t\t<div class=\"elementor-image-box-wrapper\"><figure class=\"elementor-image-box-img\"><img decoding=\"async\" width=\"300\" height=\"186\" src=\"https:\/\/aprovasite.com.br\/vitamov\/wp-content\/uploads\/2026\/03\/cama-dobravel-scaled-e1772818700710-300x186.jpg\" class=\"attachment-medium size-medium wp-image-1422\" alt=\"\" srcset=\"https:\/\/aprovasite.com.br\/vitamov\/wp-content\/uploads\/2026\/03\/cama-dobravel-scaled-e1772818700710-300x186.jpg 300w, https:\/\/aprovasite.com.br\/vitamov\/wp-content\/uploads\/2026\/03\/cama-dobravel-scaled-e1772818700710-1024x635.jpg 1024w, https:\/\/aprovasite.com.br\/vitamov\/wp-content\/uploads\/2026\/03\/cama-dobravel-scaled-e1772818700710-768x476.jpg 768w, https:\/\/aprovasite.com.br\/vitamov\/wp-content\/uploads\/2026\/03\/cama-dobravel-scaled-e1772818700710-1536x952.jpg 1536w, https:\/\/aprovasite.com.br\/vitamov\/wp-content\/uploads\/2026\/03\/cama-dobravel-scaled-e1772818700710-2048x1270.jpg 2048w\" sizes=\"(max-width: 300px) 100vw, 300px\" \/><\/figure><div class=\"elementor-image-box-content\"><p class=\"elementor-image-box-description\">Branco \n<br>\n0211410<\/p><\/div><\/div>\t\t\t\t<\/div>\n\t\t\t\t<\/div>\n\t\t\t\t<\/div>\n\t\t\t\t<\/div>\n\t\t\t\t\t<\/div>\n\t\t\t\t<\/div>\n\t\t<div class=\"elementor-element elementor-element-1380c6e e-flex e-con-boxed e-con e-parent\" data-id=\"1380c6e\" data-element_type=\"container\" data-e-type=\"container\">\n\t\t\t\t\t<div class=\"e-con-inner\">\n\t\t\t\t<div class=\"elementor-element elementor-element-2bf83ff elementor-widget elementor-widget-heading\" data-id=\"2bf83ff\" data-element_type=\"widget\" data-e-type=\"widget\" data-widget_type=\"heading.default\">\n\t\t\t\t\t<h2 class=\"elementor-heading-title elementor-size-default\">NOSSOS DOWNLOADS\n<\/h2>\t\t\t\t<\/div>\n\t\t<div class=\"elementor-element elementor-element-f20ee3e e-con-full e-flex e-con e-child\" data-id=\"f20ee3e\" data-element_type=\"container\" data-e-type=\"container\">\n\t\t<div class=\"elementor-element elementor-element-d3a6111 e-con-full e-flex e-con e-child\" data-id=\"d3a6111\" data-element_type=\"container\" data-e-type=\"container\">\n\t\t\t\t<div class=\"elementor-element elementor-element-ed024b8 elementor-widget elementor-widget-wpr-elementor-template\" data-id=\"ed024b8\" data-element_type=\"widget\" data-e-type=\"widget\" data-widget_type=\"wpr-elementor-template.default\">\n\t\t\t\t\t<style>.elementor-630 .elementor-element.elementor-element-13505c19{--display:flex;}.elementor-widget-button .elementor-button{font-family:var( --e-global-typography-accent-font-family ), Sans-serif;font-size:var( --e-global-typography-accent-font-size );font-weight:var( --e-global-typography-accent-font-weight );text-transform:var( --e-global-typography-accent-text-transform );font-style:var( --e-global-typography-accent-font-style );text-decoration:var( --e-global-typography-accent-text-decoration );line-height:var( --e-global-typography-accent-line-height );letter-spacing:var( --e-global-typography-accent-letter-spacing );background-color:var( --e-global-color-accent );}.elementor-630 .elementor-element.elementor-element-57950dac .elementor-button{font-size:14px;font-weight:600;text-transform:uppercase;letter-spacing:2px;fill:#FFFFFF;color:#FFFFFF;background-color:#DC0000;border-style:none;border-radius:10px 10px 10px 10px;padding:12px 12px 12px 12px;}.elementor-630 .elementor-element.elementor-element-57950dac .elementor-button:hover, .elementor-630 .elementor-element.elementor-element-57950dac .elementor-button:focus{color:#FF0000;background-color:#FFFFFF;border-color:#3D43B7;box-shadow:0px 0px 10px 0px rgba(0,0,0,0.5);}.elementor-630 .elementor-element.elementor-element-57950dac .elementor-button:hover svg, .elementor-630 .elementor-element.elementor-element-57950dac .elementor-button:focus svg{fill:#FF0000;}.elementor-630 .elementor-element.elementor-element-57950dac{margin:0px 0px calc(var(--kit-widget-spacing, 0px) + 0px) 0px;}@media(max-width:1024px){.elementor-widget-button .elementor-button{font-size:var( --e-global-typography-accent-font-size );line-height:var( --e-global-typography-accent-line-height );letter-spacing:var( --e-global-typography-accent-letter-spacing );}}@media(max-width:767px){.elementor-widget-button .elementor-button{font-size:var( --e-global-typography-accent-font-size );line-height:var( --e-global-typography-accent-line-height );letter-spacing:var( --e-global-typography-accent-letter-spacing );}}<\/style>\t\t<div data-elementor-type=\"container\" data-elementor-id=\"630\" class=\"elementor elementor-630\">\n\t\t\t\t<div class=\"elementor-element elementor-element-13505c19 e-con-full e-flex e-con e-child\" data-id=\"13505c19\" data-element_type=\"container\" data-e-type=\"container\">\n\t\t\t\t<div class=\"elementor-element elementor-element-57950dac elementor-align-center elementor-mobile-align-center elementor-widget elementor-widget-button\" data-id=\"57950dac\" data-element_type=\"widget\" data-e-type=\"widget\" data-widget_type=\"button.default\">\n\t\t\t\t\t\t\t\t\t\t<a class=\"elementor-button elementor-button-link elementor-size-sm\" href=\"https:\/\/aprovasite.com.br\/vitamov\/manuais\/catalogo-2026.pdf\" target=\"_blank\">\n\t\t\t\t\t\t<span class=\"elementor-button-content-wrapper\">\n\t\t\t\t\t\t\t\t\t<span class=\"elementor-button-text\">cat\u00e1logo virtual<\/span>\n\t\t\t\t\t<\/span>\n\t\t\t\t\t<\/a>\n\t\t\t\t\t\t\t\t<\/div>\n\t\t\t\t<\/div>\n\t\t\t\t<\/div>\n\t\t<span class=\"wpr-template-edit-btn\" data-permalink=\"https:\/\/aprovasite.com.br\/vitamov\/?elementor_library=link-catalogo\">Edit Template<\/span>\t\t\t\t<\/div>\n\t\t\t\t<\/div>\n\t\t\t\t<\/div>\n\t\t\t\t\t<\/div>\n\t\t\t\t<\/div>\n\t\t\t\t<\/div>\n\t\t","protected":false},"excerpt":{"rendered":"<p>cama dobr\u00e1vel Cama dobr\u00e1vel FICHA T\u00c9CNICA Larg.: 650MM Prof.: 1730MM Esp. Colch\u00e3o.: 50MM Cubagem: 0,0117m\u00b3 Volumes: 01 OP\u00c7\u00d5ES DE CORES Branco 0211410 NOSSOS DOWNLOADS cat\u00e1logo virtual Edit Template<\/p>\n","protected":false},"author":2,"featured_media":0,"parent":0,"menu_order":0,"comment_status":"closed","ping_status":"closed","template":"","meta":{"footnotes":""},"class_list":["post-1419","page","type-page","status-publish","hentry"],"_links":{"self":[{"href":"https:\/\/aprovasite.com.br\/vitamov\/wp-json\/wp\/v2\/pages\/1419","targetHints":{"allow":["GET"]}}],"collection":[{"href":"https:\/\/aprovasite.com.br\/vitamov\/wp-json\/wp\/v2\/pages"}],"about":[{"href":"https:\/\/aprovasite.com.br\/vitamov\/wp-json\/wp\/v2\/types\/page"}],"author":[{"embeddable":true,"href":"https:\/\/aprovasite.com.br\/vitamov\/wp-json\/wp\/v2\/users\/2"}],"replies":[{"embeddable":true,"href":"https:\/\/aprovasite.com.br\/vitamov\/wp-json\/wp\/v2\/comments?post=1419"}],"version-history":[{"count":16,"href":"https:\/\/aprovasite.com.br\/vitamov\/wp-json\/wp\/v2\/pages\/1419\/revisions"}],"predecessor-version":[{"id":2235,"href":"https:\/\/aprovasite.com.br\/vitamov\/wp-json\/wp\/v2\/pages\/1419\/revisions\/2235"}],"wp:attachment":[{"href":"https:\/\/aprovasite.com.br\/vitamov\/wp-json\/wp\/v2\/media?parent=1419"}],"curies":[{"name":"wp","href":"https:\/\/api.w.org\/{rel}","templated":true}]}}