{"id":1318,"date":"2026-02-26T16:25:11","date_gmt":"2026-02-26T19:25:11","guid":{"rendered":"https:\/\/aprovasite.com.br\/vitamov\/?page_id=1318"},"modified":"2026-03-16T16:40:52","modified_gmt":"2026-03-16T19:40:52","slug":"cama-princesa","status":"publish","type":"page","link":"https:\/\/aprovasite.com.br\/vitamov\/cama-princesa\/","title":{"rendered":"Cama Princesa"},"content":{"rendered":"\t\t<div data-elementor-type=\"wp-page\" data-elementor-id=\"1318\" class=\"elementor elementor-1318\">\n\t\t\t\t<div class=\"elementor-element elementor-element-dc54758 e-flex e-con-boxed e-con e-parent\" data-id=\"dc54758\" data-element_type=\"container\" data-e-type=\"container\" data-settings=\"{&quot;background_background&quot;:&quot;classic&quot;}\">\n\t\t\t\t\t<div class=\"e-con-inner\">\n\t\t<div class=\"elementor-element elementor-element-596463e e-con-full e-flex e-con e-child\" data-id=\"596463e\" data-element_type=\"container\" data-e-type=\"container\">\n\t\t<div class=\"elementor-element elementor-element-4b2cf46 e-flex e-con-boxed e-con e-child\" data-id=\"4b2cf46\" data-element_type=\"container\" data-e-type=\"container\">\n\t\t\t\t\t<div class=\"e-con-inner\">\n\t\t\t\t<div class=\"elementor-element elementor-element-c8f81c5 elementor-widget__width-initial elementor-widget-divider--view-line elementor-widget elementor-widget-divider\" data-id=\"c8f81c5\" data-element_type=\"widget\" data-e-type=\"widget\" data-widget_type=\"divider.default\">\n\t\t\t\t\t\t\t<div class=\"elementor-divider\">\n\t\t\t<span class=\"elementor-divider-separator\">\n\t\t\t\t\t\t<\/span>\n\t\t<\/div>\n\t\t\t\t\t\t<\/div>\n\t\t\t\t<div class=\"elementor-element elementor-element-cc93246 elementor-widget__width-initial elementor-widget-divider--view-line elementor-widget elementor-widget-divider\" data-id=\"cc93246\" data-element_type=\"widget\" data-e-type=\"widget\" data-widget_type=\"divider.default\">\n\t\t\t\t\t\t\t<div class=\"elementor-divider\">\n\t\t\t<span class=\"elementor-divider-separator\">\n\t\t\t\t\t\t<\/span>\n\t\t<\/div>\n\t\t\t\t\t\t<\/div>\n\t\t\t\t\t<\/div>\n\t\t\t\t<\/div>\n\t\t\t\t<div class=\"elementor-element elementor-element-d21e114 elementor-widget elementor-widget-heading\" data-id=\"d21e114\" data-element_type=\"widget\" data-e-type=\"widget\" data-widget_type=\"heading.default\">\n\t\t\t\t\t<h2 class=\"elementor-heading-title elementor-size-default\">cama princesa<\/h2>\t\t\t\t<\/div>\n\t\t<div class=\"elementor-element elementor-element-3e6bfba e-con-full e-flex e-con e-child\" data-id=\"3e6bfba\" data-element_type=\"container\" data-e-type=\"container\">\n\t\t\t\t<div class=\"elementor-element elementor-element-037f358 elementor-widget__width-initial elementor-widget-divider--view-line elementor-widget elementor-widget-divider\" data-id=\"037f358\" data-element_type=\"widget\" data-e-type=\"widget\" data-widget_type=\"divider.default\">\n\t\t\t\t\t\t\t<div class=\"elementor-divider\">\n\t\t\t<span class=\"elementor-divider-separator\">\n\t\t\t\t\t\t<\/span>\n\t\t<\/div>\n\t\t\t\t\t\t<\/div>\n\t\t\t\t<div class=\"elementor-element elementor-element-edd4a19 elementor-widget__width-initial elementor-widget-divider--view-line elementor-widget elementor-widget-divider\" data-id=\"edd4a19\" data-element_type=\"widget\" data-e-type=\"widget\" data-widget_type=\"divider.default\">\n\t\t\t\t\t\t\t<div class=\"elementor-divider\">\n\t\t\t<span class=\"elementor-divider-separator\">\n\t\t\t\t\t\t<\/span>\n\t\t<\/div>\n\t\t\t\t\t\t<\/div>\n\t\t\t\t<\/div>\n\t\t\t\t<\/div>\n\t\t\t\t\t<\/div>\n\t\t\t\t<\/div>\n\t\t<div class=\"elementor-element elementor-element-11c8c57 e-con-full e-flex e-con e-parent\" data-id=\"11c8c57\" data-element_type=\"container\" data-e-type=\"container\">\n\t\t\t\t<div class=\"elementor-element elementor-element-efa9523 elementor-widget elementor-widget-image\" data-id=\"efa9523\" data-element_type=\"widget\" data-e-type=\"widget\" data-widget_type=\"image.default\">\n\t\t\t\t\t\t\t\t\t\t\t\t\t\t\t<img fetchpriority=\"high\" decoding=\"async\" width=\"800\" height=\"565\" src=\"https:\/\/aprovasite.com.br\/vitamov\/wp-content\/uploads\/2026\/02\/CAMA-PRINCESA-0680111-1024x723.jpg\" class=\"attachment-large size-large wp-image-1320\" alt=\"\" srcset=\"https:\/\/aprovasite.com.br\/vitamov\/wp-content\/uploads\/2026\/02\/CAMA-PRINCESA-0680111-1024x723.jpg 1024w, https:\/\/aprovasite.com.br\/vitamov\/wp-content\/uploads\/2026\/02\/CAMA-PRINCESA-0680111-300x212.jpg 300w, https:\/\/aprovasite.com.br\/vitamov\/wp-content\/uploads\/2026\/02\/CAMA-PRINCESA-0680111-768x542.jpg 768w, https:\/\/aprovasite.com.br\/vitamov\/wp-content\/uploads\/2026\/02\/CAMA-PRINCESA-0680111-1536x1084.jpg 1536w, https:\/\/aprovasite.com.br\/vitamov\/wp-content\/uploads\/2026\/02\/CAMA-PRINCESA-0680111-2048x1446.jpg 2048w\" sizes=\"(max-width: 800px) 100vw, 800px\" \/>\t\t\t\t\t\t\t\t\t\t\t\t\t\t\t<\/div>\n\t\t\t\t<\/div>\n\t\t<div class=\"elementor-element elementor-element-d1a19c4 e-flex e-con-boxed e-con e-parent\" data-id=\"d1a19c4\" data-element_type=\"container\" data-e-type=\"container\">\n\t\t\t\t\t<div class=\"e-con-inner\">\n\t\t\t\t<div class=\"elementor-element elementor-element-e540784 elementor-widget elementor-widget-heading\" data-id=\"e540784\" data-element_type=\"widget\" data-e-type=\"widget\" data-widget_type=\"heading.default\">\n\t\t\t\t\t<h2 class=\"elementor-heading-title elementor-size-default\">cama princesa<\/h2>\t\t\t\t<\/div>\n\t\t<div class=\"elementor-element elementor-element-76fc231 e-con-full e-grid e-con e-child\" data-id=\"76fc231\" data-element_type=\"container\" data-e-type=\"container\">\n\t\t<div class=\"elementor-element elementor-element-bac2a3d e-con-full e-flex e-con e-child\" data-id=\"bac2a3d\" data-element_type=\"container\" data-e-type=\"container\">\n\t\t\t\t<div class=\"elementor-element elementor-element-ad3fde7 elementor-widget elementor-widget-heading\" data-id=\"ad3fde7\" data-element_type=\"widget\" data-e-type=\"widget\" data-widget_type=\"heading.default\">\n\t\t\t\t\t<p class=\"elementor-heading-title elementor-size-default\">Ficha T\u00e9cnica<\/p>\t\t\t\t<\/div>\n\t\t\t\t<div class=\"elementor-element elementor-element-6631ad1 elementor-widget elementor-widget-heading\" data-id=\"6631ad1\" data-element_type=\"widget\" data-e-type=\"widget\" data-widget_type=\"heading.default\">\n\t\t\t\t\t<p class=\"elementor-heading-title elementor-size-default\">Larg.: 1090MM<\/p>\t\t\t\t<\/div>\n\t\t\t\t<div class=\"elementor-element elementor-element-9986efd elementor-widget elementor-widget-heading\" data-id=\"9986efd\" data-element_type=\"widget\" data-e-type=\"widget\" data-widget_type=\"heading.default\">\n\t\t\t\t\t<p class=\"elementor-heading-title elementor-size-default\">Prof.: 2224MM<\/p>\t\t\t\t<\/div>\n\t\t\t\t<div class=\"elementor-element elementor-element-f042cf3 elementor-widget elementor-widget-heading\" data-id=\"f042cf3\" data-element_type=\"widget\" data-e-type=\"widget\" data-widget_type=\"heading.default\">\n\t\t\t\t\t<p class=\"elementor-heading-title elementor-size-default\">Alt.: 1370MM<\/p>\t\t\t\t<\/div>\n\t\t\t\t<div class=\"elementor-element elementor-element-669b2be elementor-widget elementor-widget-heading\" data-id=\"669b2be\" data-element_type=\"widget\" data-e-type=\"widget\" data-widget_type=\"heading.default\">\n\t\t\t\t\t<p class=\"elementor-heading-title elementor-size-default\">Cubagem: 0,0952m\u00b3<\/p>\t\t\t\t<\/div>\n\t\t\t\t<div class=\"elementor-element elementor-element-de0afc8 elementor-widget elementor-widget-heading\" data-id=\"de0afc8\" data-element_type=\"widget\" data-e-type=\"widget\" data-widget_type=\"heading.default\">\n\t\t\t\t\t<p class=\"elementor-heading-title elementor-size-default\">Volumes: 02<\/p>\t\t\t\t<\/div>\n\t\t\t\t<\/div>\n\t\t<div class=\"elementor-element elementor-element-d05997d e-con-full e-flex e-con e-child\" data-id=\"d05997d\" data-element_type=\"container\" data-e-type=\"container\">\n\t\t\t\t<div class=\"elementor-element elementor-element-ab9cc9a elementor-widget elementor-widget-heading\" data-id=\"ab9cc9a\" data-element_type=\"widget\" data-e-type=\"widget\" data-widget_type=\"heading.default\">\n\t\t\t\t\t<p class=\"elementor-heading-title elementor-size-default\">informa\u00e7\u00f5es<\/p>\t\t\t\t<\/div>\n\t\t\t\t<div class=\"elementor-element elementor-element-bb762dc elementor-widget elementor-widget-heading\" data-id=\"bb762dc\" data-element_type=\"widget\" data-e-type=\"widget\" data-widget_type=\"heading.default\">\n\t\t\t\t\t<p class=\"elementor-heading-title elementor-size-default\">P\u00e9s com regulagem<\/p>\t\t\t\t<\/div>\n\t\t\t\t<div class=\"elementor-element elementor-element-92643d3 elementor-widget elementor-widget-heading\" data-id=\"92643d3\" data-element_type=\"widget\" data-e-type=\"widget\" data-widget_type=\"heading.default\">\n\t\t\t\t\t<p class=\"elementor-heading-title elementor-size-default\">Barras com acabamento soft (arredondado),\nprojetadas para maior seguran\u00e7a e prote\u00e7\u00e3o<\/p>\t\t\t\t<\/div>\n\t\t\t\t<\/div>\n\t\t<div class=\"elementor-element elementor-element-3a96ab1 e-con-full e-flex e-con e-child\" data-id=\"3a96ab1\" data-element_type=\"container\" data-e-type=\"container\">\n\t\t\t\t<div class=\"elementor-element elementor-element-0339dcd elementor-widget elementor-widget-heading\" data-id=\"0339dcd\" data-element_type=\"widget\" data-e-type=\"widget\" data-widget_type=\"heading.default\">\n\t\t\t\t\t<p class=\"elementor-heading-title elementor-size-default\">OP\u00c7\u00d5ES DE CORES<\/p>\t\t\t\t<\/div>\n\t\t<div class=\"elementor-element elementor-element-4af3dec e-con-full e-flex e-con e-child\" data-id=\"4af3dec\" data-element_type=\"container\" data-e-type=\"container\">\n\t\t\t\t<div class=\"elementor-element elementor-element-70dd9ab elementor-position-top elementor-widget elementor-widget-image-box\" data-id=\"70dd9ab\" data-element_type=\"widget\" data-e-type=\"widget\" data-widget_type=\"image-box.default\">\n\t\t\t\t\t<div class=\"elementor-image-box-wrapper\"><figure class=\"elementor-image-box-img\"><img decoding=\"async\" width=\"300\" height=\"238\" src=\"https:\/\/aprovasite.com.br\/vitamov\/wp-content\/uploads\/2026\/02\/cama-casa-PRINCESAS-300x238.jpg\" class=\"attachment-medium size-medium wp-image-1321\" alt=\"\" srcset=\"https:\/\/aprovasite.com.br\/vitamov\/wp-content\/uploads\/2026\/02\/cama-casa-PRINCESAS-300x238.jpg 300w, https:\/\/aprovasite.com.br\/vitamov\/wp-content\/uploads\/2026\/02\/cama-casa-PRINCESAS-1024x813.jpg 1024w, https:\/\/aprovasite.com.br\/vitamov\/wp-content\/uploads\/2026\/02\/cama-casa-PRINCESAS-768x609.jpg 768w, https:\/\/aprovasite.com.br\/vitamov\/wp-content\/uploads\/2026\/02\/cama-casa-PRINCESAS-1536x1219.jpg 1536w, https:\/\/aprovasite.com.br\/vitamov\/wp-content\/uploads\/2026\/02\/cama-casa-PRINCESAS-2048x1625.jpg 2048w\" sizes=\"(max-width: 300px) 100vw, 300px\" \/><\/figure><div class=\"elementor-image-box-content\"><p class=\"elementor-image-box-description\">Branco Rosa\n<br>\n0680111\u200b<\/p><\/div><\/div>\t\t\t\t<\/div>\n\t\t\t\t<\/div>\n\t\t\t\t<\/div>\n\t\t\t\t<\/div>\n\t\t\t\t\t<\/div>\n\t\t\t\t<\/div>\n\t\t<div class=\"elementor-element elementor-element-1380c6e e-flex e-con-boxed e-con e-parent\" data-id=\"1380c6e\" data-element_type=\"container\" data-e-type=\"container\">\n\t\t\t\t\t<div class=\"e-con-inner\">\n\t\t\t\t<div class=\"elementor-element elementor-element-2bf83ff elementor-widget elementor-widget-heading\" data-id=\"2bf83ff\" data-element_type=\"widget\" data-e-type=\"widget\" data-widget_type=\"heading.default\">\n\t\t\t\t\t<h2 class=\"elementor-heading-title elementor-size-default\">NOSSOS DOWNLOADS\n<\/h2>\t\t\t\t<\/div>\n\t\t<div class=\"elementor-element elementor-element-f20ee3e e-con-full e-flex e-con e-child\" data-id=\"f20ee3e\" data-element_type=\"container\" data-e-type=\"container\">\n\t\t<div class=\"elementor-element elementor-element-d3a6111 e-con-full e-flex e-con e-child\" data-id=\"d3a6111\" data-element_type=\"container\" data-e-type=\"container\">\n\t\t\t\t<div class=\"elementor-element elementor-element-ed024b8 elementor-widget elementor-widget-wpr-elementor-template\" data-id=\"ed024b8\" data-element_type=\"widget\" data-e-type=\"widget\" data-widget_type=\"wpr-elementor-template.default\">\n\t\t\t\t\t<style>.elementor-630 .elementor-element.elementor-element-13505c19{--display:flex;}.elementor-widget-button .elementor-button{font-family:var( --e-global-typography-accent-font-family ), Sans-serif;font-size:var( --e-global-typography-accent-font-size );font-weight:var( --e-global-typography-accent-font-weight );text-transform:var( --e-global-typography-accent-text-transform );font-style:var( --e-global-typography-accent-font-style );text-decoration:var( --e-global-typography-accent-text-decoration );line-height:var( --e-global-typography-accent-line-height );letter-spacing:var( --e-global-typography-accent-letter-spacing );background-color:var( --e-global-color-accent );}.elementor-630 .elementor-element.elementor-element-57950dac .elementor-button{font-size:14px;font-weight:600;text-transform:uppercase;letter-spacing:2px;fill:#FFFFFF;color:#FFFFFF;background-color:#DC0000;border-style:none;border-radius:10px 10px 10px 10px;padding:12px 12px 12px 12px;}.elementor-630 .elementor-element.elementor-element-57950dac .elementor-button:hover, .elementor-630 .elementor-element.elementor-element-57950dac .elementor-button:focus{color:#FF0000;background-color:#FFFFFF;border-color:#3D43B7;box-shadow:0px 0px 10px 0px rgba(0,0,0,0.5);}.elementor-630 .elementor-element.elementor-element-57950dac .elementor-button:hover svg, .elementor-630 .elementor-element.elementor-element-57950dac .elementor-button:focus svg{fill:#FF0000;}.elementor-630 .elementor-element.elementor-element-57950dac{margin:0px 0px calc(var(--kit-widget-spacing, 0px) + 0px) 0px;}@media(max-width:1024px){.elementor-widget-button .elementor-button{font-size:var( --e-global-typography-accent-font-size );line-height:var( --e-global-typography-accent-line-height );letter-spacing:var( --e-global-typography-accent-letter-spacing );}}@media(max-width:767px){.elementor-widget-button .elementor-button{font-size:var( --e-global-typography-accent-font-size );line-height:var( --e-global-typography-accent-line-height );letter-spacing:var( --e-global-typography-accent-letter-spacing );}}<\/style>\t\t<div data-elementor-type=\"container\" data-elementor-id=\"630\" class=\"elementor elementor-630\">\n\t\t\t\t<div class=\"elementor-element elementor-element-13505c19 e-con-full e-flex e-con e-child\" data-id=\"13505c19\" data-element_type=\"container\" data-e-type=\"container\">\n\t\t\t\t<div class=\"elementor-element elementor-element-57950dac elementor-align-center elementor-mobile-align-center elementor-widget elementor-widget-button\" data-id=\"57950dac\" data-element_type=\"widget\" data-e-type=\"widget\" data-widget_type=\"button.default\">\n\t\t\t\t\t\t\t\t\t\t<a class=\"elementor-button elementor-button-link elementor-size-sm\" href=\"https:\/\/aprovasite.com.br\/vitamov\/manuais\/catalogo-2026.pdf\" target=\"_blank\">\n\t\t\t\t\t\t<span class=\"elementor-button-content-wrapper\">\n\t\t\t\t\t\t\t\t\t<span class=\"elementor-button-text\">cat\u00e1logo virtual<\/span>\n\t\t\t\t\t<\/span>\n\t\t\t\t\t<\/a>\n\t\t\t\t\t\t\t\t<\/div>\n\t\t\t\t<\/div>\n\t\t\t\t<\/div>\n\t\t<span class=\"wpr-template-edit-btn\" data-permalink=\"https:\/\/aprovasite.com.br\/vitamov\/?elementor_library=link-catalogo\">Edit Template<\/span>\t\t\t\t<\/div>\n\t\t\t\t<\/div>\n\t\t\t\t<\/div>\n\t\t\t\t\t<\/div>\n\t\t\t\t<\/div>\n\t\t\t\t<\/div>\n\t\t","protected":false},"excerpt":{"rendered":"<p>cama princesa cama princesa Ficha T\u00e9cnica Larg.: 1090MM Prof.: 2224MM Alt.: 1370MM Cubagem: 0,0952m\u00b3 Volumes: 02 informa\u00e7\u00f5es P\u00e9s com regulagem Barras com acabamento soft (arredondado), projetadas para maior seguran\u00e7a e prote\u00e7\u00e3o OP\u00c7\u00d5ES DE CORES Branco Rosa 0680111\u200b NOSSOS DOWNLOADS cat\u00e1logo virtual Edit Template<\/p>\n","protected":false},"author":2,"featured_media":0,"parent":0,"menu_order":0,"comment_status":"closed","ping_status":"closed","template":"","meta":{"footnotes":""},"class_list":["post-1318","page","type-page","status-publish","hentry"],"_links":{"self":[{"href":"https:\/\/aprovasite.com.br\/vitamov\/wp-json\/wp\/v2\/pages\/1318","targetHints":{"allow":["GET"]}}],"collection":[{"href":"https:\/\/aprovasite.com.br\/vitamov\/wp-json\/wp\/v2\/pages"}],"about":[{"href":"https:\/\/aprovasite.com.br\/vitamov\/wp-json\/wp\/v2\/types\/page"}],"author":[{"embeddable":true,"href":"https:\/\/aprovasite.com.br\/vitamov\/wp-json\/wp\/v2\/users\/2"}],"replies":[{"embeddable":true,"href":"https:\/\/aprovasite.com.br\/vitamov\/wp-json\/wp\/v2\/comments?post=1318"}],"version-history":[{"count":19,"href":"https:\/\/aprovasite.com.br\/vitamov\/wp-json\/wp\/v2\/pages\/1318\/revisions"}],"predecessor-version":[{"id":2244,"href":"https:\/\/aprovasite.com.br\/vitamov\/wp-json\/wp\/v2\/pages\/1318\/revisions\/2244"}],"wp:attachment":[{"href":"https:\/\/aprovasite.com.br\/vitamov\/wp-json\/wp\/v2\/media?parent=1318"}],"curies":[{"name":"wp","href":"https:\/\/api.w.org\/{rel}","templated":true}]}}